{"id":275530,"date":"2026-03-26T10:39:15","date_gmt":"2026-03-26T09:39:15","guid":{"rendered":"https:\/\/megacase.com\/?post_type=product&#038;p=275530"},"modified":"2026-03-27T11:39:38","modified_gmt":"2026-03-27T10:39:38","slug":"coffret-de-protection-pour-machine-a-fumee-stairville-af-250-1300-w-dmx","status":"publish","type":"product","link":"https:\/\/megacase.com\/fr\/produit\/coffret-de-protection-pour-machine-a-fumee-stairville-af-250-1300-w-dmx\/","title":{"rendered":"Coffret de protection pour machine \u00e0 fum\u00e9e Stairville AF-250 1300 W DMX"},"content":{"rendered":"<p>Coffret de protection pour machine \u00e0 fum\u00e9e Stairville AF-250 1300 W DMX.<br \/>\nL&rsquo;appareil est command\u00e9 par le bas.<\/p>\n<p>Fabriqu\u00e9 en multiplex de 6,8 mm avec rev\u00eatement en r\u00e9sine ph\u00e9nolique.<br \/>\nCouleur : marron.<br \/>\nBordure en aluminium de 30 x 30 mm.<br \/>\n2 poign\u00e9es papillon moyennes.<br \/>\n1 poign\u00e9e sangle sur le couvercle sup\u00e9rieur.<br \/>\n8 coins \u00e0 billes en acier de taille moyenne.<br \/>\n4 pieds en caoutchouc de 25 x 15 mm.<br \/>\nRembourrage en mousse.<\/p>\n<p>Fabriqu\u00e9 en Allemagne.<br \/>\nDimensions ext\u00e9rieures (L x P x H) : environ 550 x 390 x 235 mm.<br \/>\nPoids : environ 6 kg.<\/p>\n","protected":false},"excerpt":{"rendered":"<p>Coffret de protection pour machine \u00e0 fum\u00e9e Stairville AF-250 1300 W DMX. L&rsquo;appareil est command\u00e9 par le bas. Fabriqu\u00e9 en<\/p>\n","protected":false},"featured_media":275495,"template":"","meta":{"_acf_changed":false},"product_brand":[],"product_cat":[16355],"product_tag":[],"class_list":{"0":"post-275530","1":"product","2":"type-product","3":"status-publish","4":"has-post-thumbnail","6":"product_cat-cases-fuer-nebelmaschine-fr","8":"first","9":"instock","10":"taxable","11":"shipping-taxable","12":"purchasable","13":"product-type-simple"},"acf":[],"_links":{"self":[{"href":"https:\/\/megacase.com\/fr\/wp-json\/wp\/v2\/product\/275530","targetHints":{"allow":["GET"]}}],"collection":[{"href":"https:\/\/megacase.com\/fr\/wp-json\/wp\/v2\/product"}],"about":[{"href":"https:\/\/megacase.com\/fr\/wp-json\/wp\/v2\/types\/product"}],"wp:featuredmedia":[{"embeddable":true,"href":"https:\/\/megacase.com\/fr\/wp-json\/wp\/v2\/media\/275495"}],"wp:attachment":[{"href":"https:\/\/megacase.com\/fr\/wp-json\/wp\/v2\/media?parent=275530"}],"wp:term":[{"taxonomy":"product_brand","embeddable":true,"href":"https:\/\/megacase.com\/fr\/wp-json\/wp\/v2\/product_brand?post=275530"},{"taxonomy":"product_cat","embeddable":true,"href":"https:\/\/megacase.com\/fr\/wp-json\/wp\/v2\/product_cat?post=275530"},{"taxonomy":"product_tag","embeddable":true,"href":"https:\/\/megacase.com\/fr\/wp-json\/wp\/v2\/product_tag?post=275530"}],"curies":[{"name":"wp","href":"https:\/\/api.w.org\/{rel}","templated":true}]}}