{"id":275490,"date":"2026-03-26T09:08:11","date_gmt":"2026-03-26T08:08:11","guid":{"rendered":"https:\/\/megacase.com\/?post_type=product&#038;p=275490"},"modified":"2026-03-27T11:39:41","modified_gmt":"2026-03-27T10:39:41","slug":"coffret-une-porte-un-ecran-de-27-pouces","status":"publish","type":"product","link":"https:\/\/megacase.com\/fr\/produit\/coffret-une-porte-un-ecran-de-27-pouces\/","title":{"rendered":"Coffret une porte un \u00e9cran de 27 pouces"},"content":{"rendered":"<p>Coffret une porte pouvant accueillir un \u00e9cran de 27 pouces.<br \/>\nLa bride inf\u00e9rieure permet d&rsquo;utiliser le coffret comme colonne d&rsquo;information ou point d&rsquo;accueil.<\/p>\n<p>Multiplex 6,8 mm, rev\u00eatement en r\u00e9sine ph\u00e9nolique<br \/>\nCouleur : marron<br \/>\nBordure en aluminium 22 x 22 mm<br \/>\n2 petites fermetures papillon<br \/>\n1 poign\u00e9e rabattable moyenne<br \/>\n8 petits coins sph\u00e9riques<br \/>\n4 pieds en caoutchouc (25 x 15 mm)<br \/>\n1 trappe de service<br \/>\nBride de haut-parleur adapt\u00e9e aux diam\u00e8tres de tubes (filtres) &#8211; 35 mm<br \/>\nRails de rack mont\u00e9s sur caoutchouc<br \/>\nPlaque de montage avec trous de fixation VESA 100 mm<br \/>\nVis M4 x 15 incluses<\/p>\n<p>Dimensions L x P x H : 747 x 420 x 235 mm<br \/>\nPoids : 9,5 kg<br \/>\nFabriqu\u00e9 en Allemagne<\/p>\n","protected":false},"excerpt":{"rendered":"<p>Coffret une porte pouvant accueillir un \u00e9cran de 27 pouces. La bride inf\u00e9rieure permet d&rsquo;utiliser le coffret comme colonne d&rsquo;information<\/p>\n","protected":false},"featured_media":275459,"template":"","meta":{"_acf_changed":false},"product_brand":[],"product_cat":[16336],"product_tag":[],"class_list":{"0":"post-275490","1":"product","2":"type-product","3":"status-publish","4":"has-post-thumbnail","6":"product_cat-uncategorized-fr","8":"first","9":"instock","10":"taxable","11":"shipping-taxable","12":"purchasable","13":"product-type-simple"},"acf":[],"_links":{"self":[{"href":"https:\/\/megacase.com\/fr\/wp-json\/wp\/v2\/product\/275490","targetHints":{"allow":["GET"]}}],"collection":[{"href":"https:\/\/megacase.com\/fr\/wp-json\/wp\/v2\/product"}],"about":[{"href":"https:\/\/megacase.com\/fr\/wp-json\/wp\/v2\/types\/product"}],"wp:featuredmedia":[{"embeddable":true,"href":"https:\/\/megacase.com\/fr\/wp-json\/wp\/v2\/media\/275459"}],"wp:attachment":[{"href":"https:\/\/megacase.com\/fr\/wp-json\/wp\/v2\/media?parent=275490"}],"wp:term":[{"taxonomy":"product_brand","embeddable":true,"href":"https:\/\/megacase.com\/fr\/wp-json\/wp\/v2\/product_brand?post=275490"},{"taxonomy":"product_cat","embeddable":true,"href":"https:\/\/megacase.com\/fr\/wp-json\/wp\/v2\/product_cat?post=275490"},{"taxonomy":"product_tag","embeddable":true,"href":"https:\/\/megacase.com\/fr\/wp-json\/wp\/v2\/product_tag?post=275490"}],"curies":[{"name":"wp","href":"https:\/\/api.w.org\/{rel}","templated":true}]}}