{"id":275454,"date":"2026-03-26T09:08:11","date_gmt":"2026-03-26T08:08:11","guid":{"rendered":"https:\/\/megacase.com\/?post_type=product&#038;p=275454"},"modified":"2026-03-27T11:39:41","modified_gmt":"2026-03-27T10:39:41","slug":"capot-de-protection-stairville-wgf-2000","status":"publish","type":"product","link":"https:\/\/megacase.com\/fr\/produit\/capot-de-protection-stairville-wgf-2000\/","title":{"rendered":"Capot de protection Stairville WGF-2000"},"content":{"rendered":"<p>Capot de protection avec rembourrage en mousse, adapt\u00e9 au Stairville WGF-2000 Water-Ground-Fog 2000. L&rsquo;appareil est command\u00e9 depuis la base.<\/p>\n<p>Fabriqu\u00e9 en contreplaqu\u00e9 de 6,8 mm<br \/>\nRev\u00eatement en r\u00e9sine ph\u00e9nolique marron<br \/>\nBordure en aluminium 30 x 30 mm<br \/>\n4 poign\u00e9es papillon moyennes<br \/>\n2 poign\u00e9es rabattables moyennes<br \/>\n8 coins sph\u00e9riques moyens<br \/>\n4 roulettes pivotantes de 100 mm (dont 2 avec frein)<br \/>\nMousse<\/p>\n<p>Dimensions ext\u00e9rieures L x P x H : 850 x 410 x 630<br \/>\nFabriqu\u00e9 en Allemagne<\/p>\n","protected":false},"excerpt":{"rendered":"<p>Capot de protection avec rembourrage en mousse, adapt\u00e9 au Stairville WGF-2000 Water-Ground-Fog 2000. L&rsquo;appareil est command\u00e9 depuis la base. Fabriqu\u00e9<\/p>\n","protected":false},"featured_media":275407,"template":"","meta":{"_acf_changed":false},"product_brand":[],"product_cat":[16336],"product_tag":[],"class_list":{"0":"post-275454","1":"product","2":"type-product","3":"status-publish","4":"has-post-thumbnail","6":"product_cat-uncategorized-fr","8":"first","9":"instock","10":"taxable","11":"shipping-taxable","12":"purchasable","13":"product-type-simple"},"acf":[],"_links":{"self":[{"href":"https:\/\/megacase.com\/fr\/wp-json\/wp\/v2\/product\/275454","targetHints":{"allow":["GET"]}}],"collection":[{"href":"https:\/\/megacase.com\/fr\/wp-json\/wp\/v2\/product"}],"about":[{"href":"https:\/\/megacase.com\/fr\/wp-json\/wp\/v2\/types\/product"}],"wp:featuredmedia":[{"embeddable":true,"href":"https:\/\/megacase.com\/fr\/wp-json\/wp\/v2\/media\/275407"}],"wp:attachment":[{"href":"https:\/\/megacase.com\/fr\/wp-json\/wp\/v2\/media?parent=275454"}],"wp:term":[{"taxonomy":"product_brand","embeddable":true,"href":"https:\/\/megacase.com\/fr\/wp-json\/wp\/v2\/product_brand?post=275454"},{"taxonomy":"product_cat","embeddable":true,"href":"https:\/\/megacase.com\/fr\/wp-json\/wp\/v2\/product_cat?post=275454"},{"taxonomy":"product_tag","embeddable":true,"href":"https:\/\/megacase.com\/fr\/wp-json\/wp\/v2\/product_tag?post=275454"}],"curies":[{"name":"wp","href":"https:\/\/api.w.org\/{rel}","templated":true}]}}