{"id":275394,"date":"2026-03-26T09:08:11","date_gmt":"2026-03-26T08:08:11","guid":{"rendered":"https:\/\/megacase.com\/?post_type=product&#038;p=275394"},"modified":"2026-03-27T11:39:40","modified_gmt":"2026-03-27T10:39:40","slug":"case-stairville-vintage-bowl-50rgba-2in1-wheel-kopie","status":"publish","type":"product","link":"https:\/\/megacase.com\/fr\/produit\/case-stairville-vintage-bowl-50rgba-2in1-wheel-kopie\/","title":{"rendered":"Coffre pour 2 lampes Stairville LED Vintage Bowl 50 RGBA"},"content":{"rendered":"<p>Coffre pour 2 lampes Stairville LED Vintage Bowl 50 RGBA<br \/>\nContreplaqu\u00e9 de 6,8 mm, laqu\u00e9<br \/>\nVeuillez pr\u00e9ciser la couleur souhait\u00e9e dans notre nuancier<br \/>\nBordure en aluminium 30 x 30 mm<br \/>\n2 fermetures papillon moyennes<br \/>\n2 grandes charni\u00e8res verrouillables<br \/>\n4 poign\u00e9es pliantes moyennes<br \/>\n8 coins boule moyens<br \/>\n4 roulettes pivotantes, dont 2 avec frein<br \/>\n2 compartiments rembourr\u00e9s<br \/>\nDimensions ext\u00e9rieures (L x P x H) environ : 763 x 575 x 865 mm<br \/>\nPoids environ : 28,9 kg<br \/>\nFabriqu\u00e9 en Allemagne<\/p>\n","protected":false},"excerpt":{"rendered":"<p>Coffre pour 2 lampes Stairville LED Vintage Bowl 50 RGBA Contreplaqu\u00e9 de 6,8 mm, laqu\u00e9 Veuillez pr\u00e9ciser la couleur souhait\u00e9e<\/p>\n","protected":false},"featured_media":212315,"template":"","meta":{"_acf_changed":false},"product_brand":[],"product_cat":[16329],"product_tag":[],"class_list":{"0":"post-275394","1":"product","2":"type-product","3":"status-publish","4":"has-post-thumbnail","6":"product_cat-cases-fuer-lichtequipment-fr","8":"first","9":"instock","10":"taxable","11":"shipping-taxable","12":"purchasable","13":"product-type-simple"},"acf":[],"_links":{"self":[{"href":"https:\/\/megacase.com\/fr\/wp-json\/wp\/v2\/product\/275394","targetHints":{"allow":["GET"]}}],"collection":[{"href":"https:\/\/megacase.com\/fr\/wp-json\/wp\/v2\/product"}],"about":[{"href":"https:\/\/megacase.com\/fr\/wp-json\/wp\/v2\/types\/product"}],"wp:featuredmedia":[{"embeddable":true,"href":"https:\/\/megacase.com\/fr\/wp-json\/wp\/v2\/media\/212315"}],"wp:attachment":[{"href":"https:\/\/megacase.com\/fr\/wp-json\/wp\/v2\/media?parent=275394"}],"wp:term":[{"taxonomy":"product_brand","embeddable":true,"href":"https:\/\/megacase.com\/fr\/wp-json\/wp\/v2\/product_brand?post=275394"},{"taxonomy":"product_cat","embeddable":true,"href":"https:\/\/megacase.com\/fr\/wp-json\/wp\/v2\/product_cat?post=275394"},{"taxonomy":"product_tag","embeddable":true,"href":"https:\/\/megacase.com\/fr\/wp-json\/wp\/v2\/product_tag?post=275394"}],"curies":[{"name":"wp","href":"https:\/\/api.w.org\/{rel}","templated":true}]}}