{"id":275357,"date":"2025-06-26T10:00:33","date_gmt":"2025-06-26T08:00:33","guid":{"rendered":"https:\/\/megacase.com\/?post_type=product&#038;p=275357"},"modified":"2026-03-26T13:42:09","modified_gmt":"2026-03-26T12:42:09","slug":"mallette-dangle-professionnelle-pour-machine-a-glace-molle-rcsi-24","status":"publish","type":"product","link":"https:\/\/megacase.com\/fr\/produit\/mallette-dangle-professionnelle-pour-machine-a-glace-molle-rcsi-24\/","title":{"rendered":"Mallette d&rsquo;angle professionnelle pour machine \u00e0 glace molle RCSI-24"},"content":{"rendered":"<p>Mallette d&rsquo;angle professionnelle pour machine \u00e0 glace molle RCSI-24<br \/>\nL&rsquo;appareil peut \u00eatre utilis\u00e9 dans le bo\u00eetier.<\/p>\n<p>Brun ph\u00e9nol multiplex 9 mm<br \/>\nChant en aluminium 30\/30 mm<br \/>\n5 L milieu d&rsquo;angle<br \/>\nGrand coin 8 L<br \/>\nCharni\u00e8re 2 L grande lourde<br \/>\n4 poign\u00e9es rabattables moyennes<br \/>\n10 Papillon moyen<br \/>\n2 fermetures de couvercle avec arr\u00eat \u00e0 clic<br \/>\n6 coques de ventilation<br \/>\n1 sortie de c\u00e2ble<br \/>\n8 coins de boule<br \/>\n4 roulettes pivotantes de 100 mm dont 2 avec freins<br \/>\nRembourrage en mousse<\/p>\n<p>**Les appareils illustr\u00e9s sont uniquement \u00e0 des fins d&rsquo;illustration et ne sont pas inclus dans la livraison.<\/p>\n<p>Fabriqu\u00e9 en Allemagne<br \/>\nDimensions ext\u00e9rieures env. LxPxH 695x825x1575<br \/>\nPoids env. 48,8 kg<\/p>\n","protected":false},"excerpt":{"rendered":"<p>Mallette d&rsquo;angle professionnelle pour machine \u00e0 glace molle RCSI-24 L&rsquo;appareil peut \u00eatre utilis\u00e9 dans le bo\u00eetier. Brun ph\u00e9nol multiplex 9<\/p>\n","protected":false},"featured_media":277709,"template":"","meta":{"_acf_changed":false},"product_brand":[],"product_cat":[13745],"product_tag":[],"class_list":{"0":"post-275357","1":"product","2":"type-product","3":"status-publish","4":"has-post-thumbnail","6":"product_cat-catering-und-event-cases-fr","8":"first","9":"instock","10":"taxable","11":"shipping-taxable","12":"purchasable","13":"product-type-simple"},"acf":[],"_links":{"self":[{"href":"https:\/\/megacase.com\/fr\/wp-json\/wp\/v2\/product\/275357","targetHints":{"allow":["GET"]}}],"collection":[{"href":"https:\/\/megacase.com\/fr\/wp-json\/wp\/v2\/product"}],"about":[{"href":"https:\/\/megacase.com\/fr\/wp-json\/wp\/v2\/types\/product"}],"wp:featuredmedia":[{"embeddable":true,"href":"https:\/\/megacase.com\/fr\/wp-json\/wp\/v2\/media\/277709"}],"wp:attachment":[{"href":"https:\/\/megacase.com\/fr\/wp-json\/wp\/v2\/media?parent=275357"}],"wp:term":[{"taxonomy":"product_brand","embeddable":true,"href":"https:\/\/megacase.com\/fr\/wp-json\/wp\/v2\/product_brand?post=275357"},{"taxonomy":"product_cat","embeddable":true,"href":"https:\/\/megacase.com\/fr\/wp-json\/wp\/v2\/product_cat?post=275357"},{"taxonomy":"product_tag","embeddable":true,"href":"https:\/\/megacase.com\/fr\/wp-json\/wp\/v2\/product_tag?post=275357"}],"curies":[{"name":"wp","href":"https:\/\/api.w.org\/{rel}","templated":true}]}}