{"id":275246,"date":"2026-03-26T10:39:16","date_gmt":"2026-03-26T09:39:16","guid":{"rendered":"https:\/\/megacase.com\/?post_type=product&#038;p=275246"},"modified":"2026-03-27T11:39:38","modified_gmt":"2026-03-27T10:39:38","slug":"coffre-pour-televiseur-55-pouces-et-accessoires","status":"publish","type":"product","link":"https:\/\/megacase.com\/fr\/produit\/coffre-pour-televiseur-55-pouces-et-accessoires\/","title":{"rendered":"Coffre pour t\u00e9l\u00e9viseur 55 pouces et accessoires"},"content":{"rendered":"<p>Coffre pour t\u00e9l\u00e9viseur 55 pouces et accessoires dans un seul compartiment<br \/>\nFabriqu\u00e9 en contreplaqu\u00e9 de 6,8 mm<br \/>\nRev\u00eatement en r\u00e9sine ph\u00e9nolique marron<br \/>\nBordure en aluminium 30 x 30 mm<br \/>\n4 fermetures papillon moyennes<br \/>\n4 poign\u00e9es rabattables moyennes<br \/>\n8 coins \u00e0 boule<br \/>\n4 roulettes pivotantes, dont 2 avec frein<br \/>\nAm\u00e9nagement int\u00e9rieur<br \/>\nRembourrage en mousse + mousse libre<br \/>\nFabriqu\u00e9 en Allemagne<br \/>\nDimensions ext\u00e9rieures : L x P x H 1320 x 440 x 950 mm<br \/>\nPoids : 39,60 kg<\/p>\n","protected":false},"excerpt":{"rendered":"<p>Coffre pour t\u00e9l\u00e9viseur 55 pouces et accessoires dans un seul compartiment Fabriqu\u00e9 en contreplaqu\u00e9 de 6,8 mm Rev\u00eatement en r\u00e9sine<\/p>\n","protected":false},"featured_media":275207,"template":"","meta":{"_acf_changed":false},"product_brand":[],"product_cat":[13690],"product_tag":[],"class_list":{"0":"post-275246","1":"product","2":"type-product","3":"status-publish","4":"has-post-thumbnail","6":"product_cat-display-monitor-fr","8":"first","9":"instock","10":"taxable","11":"shipping-taxable","12":"purchasable","13":"product-type-simple"},"acf":[],"_links":{"self":[{"href":"https:\/\/megacase.com\/fr\/wp-json\/wp\/v2\/product\/275246","targetHints":{"allow":["GET"]}}],"collection":[{"href":"https:\/\/megacase.com\/fr\/wp-json\/wp\/v2\/product"}],"about":[{"href":"https:\/\/megacase.com\/fr\/wp-json\/wp\/v2\/types\/product"}],"wp:featuredmedia":[{"embeddable":true,"href":"https:\/\/megacase.com\/fr\/wp-json\/wp\/v2\/media\/275207"}],"wp:attachment":[{"href":"https:\/\/megacase.com\/fr\/wp-json\/wp\/v2\/media?parent=275246"}],"wp:term":[{"taxonomy":"product_brand","embeddable":true,"href":"https:\/\/megacase.com\/fr\/wp-json\/wp\/v2\/product_brand?post=275246"},{"taxonomy":"product_cat","embeddable":true,"href":"https:\/\/megacase.com\/fr\/wp-json\/wp\/v2\/product_cat?post=275246"},{"taxonomy":"product_tag","embeddable":true,"href":"https:\/\/megacase.com\/fr\/wp-json\/wp\/v2\/product_tag?post=275246"}],"curies":[{"name":"wp","href":"https:\/\/api.w.org\/{rel}","templated":true}]}}