{"id":275202,"date":"2025-06-25T12:05:22","date_gmt":"2025-06-25T10:05:22","guid":{"rendered":"https:\/\/megacase.com\/?post_type=product&#038;p=275202"},"modified":"2026-03-26T13:42:10","modified_gmt":"2026-03-26T12:42:10","slug":"workstation-office-case-trappe-de-service-laterale","status":"publish","type":"product","link":"https:\/\/megacase.com\/fr\/produit\/workstation-office-case-trappe-de-service-laterale\/","title":{"rendered":"Workstation Office Case Trappe de service lat\u00e9rale"},"content":{"rendered":"<p>Poste de travail mobile \/ Bureau mobile \/ Poste de travail itin\u00e9rant avec rangement et rack 19&Prime; en option<\/p>\n<p>Poste de travail mobile et robuste pour les applications professionnelles dans les secteurs de l&rsquo;\u00e9v\u00e9nementiel, de la production et de la technique. Les panneaux avant et sup\u00e9rieur amovibles permettent un acc\u00e8s rapide au plan de travail. Une trappe lat\u00e9rale facilite la gestion des c\u00e2bles.<\/p>\n<p>Le spacieux plan de travail offre un espace g\u00e9n\u00e9reux pour les \u00e9quipements, ordinateurs portables et outils. De multiples compartiments et tiroirs assurent un rangement organis\u00e9 des accessoires et du mat\u00e9riel.<\/p>\n<p>Caract\u00e9ristiques et construction<\/p>\n<p>&#8211; Plan de travail sup\u00e9rieur<br \/>\n&#8211; Panneaux avant et sup\u00e9rieur amovibles<br \/>\n&#8211; Trappe lat\u00e9rale pour la gestion des c\u00e2bles<br \/>\n&#8211; Passage de c\u00e2bles int\u00e9gr\u00e9 au plan de travail<br \/>\n&#8211; Passage de c\u00e2bles lat\u00e9ral suppl\u00e9mentaire<br \/>\n&#8211; Espace de rangement<br \/>\n&#8211; Compartiment gauche<br \/>\n&#8211; En dessous : 2 tiroirs de dimensions int\u00e9rieures env. 324 \u00d7 525 \u00d7 206 mm (L \u00d7 P \u00d7 H)<br \/>\nCompartiment droit<br \/>\n&#8211; En dessous : Compartiment suppl\u00e9mentaire, utilisable en option comme emplacement pour rack 19&Prime; (rails de montage inclus)<\/p>\n<p>Caract\u00e9ristiques :<br \/>\nMultiplex noir 9 mm (RAL) 9004)<br \/>\nProfil\u00e9s en aluminium 35 \u00d7 35 mm avec rainures pour rivets<br \/>\n8 fermetures papillon (moyennes)<br \/>\n8 grandes poign\u00e9es rabattables<br \/>\n8 coins \u00e0 billes<br \/>\n2 charni\u00e8res de couvercle encastr\u00e9es (moyennes) avec m\u00e9canisme d&rsquo;arr\u00eat automatique<br \/>\n2 v\u00e9rins \u00e0 gaz<br \/>\n4 roulettes pivotantes, dont 2 avec frein<\/p>\n<p>Fabriqu\u00e9 en Allemagne<br \/>\nDimensions ext\u00e9rieures approximatives (L \u00d7 P \u00d7 H) : 1200 \u00d7 755 \u00d7 930 mm<br \/>\nPoids : 88,8 kg<\/p>\n","protected":false},"excerpt":{"rendered":"<p>Poste de travail mobile \/ Bureau mobile \/ Poste de travail itin\u00e9rant avec rangement et rack 19&Prime; en option Poste<\/p>\n","protected":false},"featured_media":275183,"template":"","meta":{"_acf_changed":false},"product_brand":[],"product_cat":[15043],"product_tag":[],"class_list":{"0":"post-275202","1":"product","2":"type-product","3":"status-publish","4":"has-post-thumbnail","6":"product_cat-uncategorized-de","8":"first","9":"instock","10":"taxable","11":"shipping-taxable","12":"purchasable","13":"product-type-simple"},"acf":[],"_links":{"self":[{"href":"https:\/\/megacase.com\/fr\/wp-json\/wp\/v2\/product\/275202","targetHints":{"allow":["GET"]}}],"collection":[{"href":"https:\/\/megacase.com\/fr\/wp-json\/wp\/v2\/product"}],"about":[{"href":"https:\/\/megacase.com\/fr\/wp-json\/wp\/v2\/types\/product"}],"wp:featuredmedia":[{"embeddable":true,"href":"https:\/\/megacase.com\/fr\/wp-json\/wp\/v2\/media\/275183"}],"wp:attachment":[{"href":"https:\/\/megacase.com\/fr\/wp-json\/wp\/v2\/media?parent=275202"}],"wp:term":[{"taxonomy":"product_brand","embeddable":true,"href":"https:\/\/megacase.com\/fr\/wp-json\/wp\/v2\/product_brand?post=275202"},{"taxonomy":"product_cat","embeddable":true,"href":"https:\/\/megacase.com\/fr\/wp-json\/wp\/v2\/product_cat?post=275202"},{"taxonomy":"product_tag","embeddable":true,"href":"https:\/\/megacase.com\/fr\/wp-json\/wp\/v2\/product_tag?post=275202"}],"curies":[{"name":"wp","href":"https:\/\/api.w.org\/{rel}","templated":true}]}}