{"id":275075,"date":"2025-06-25T11:04:31","date_gmt":"2025-06-25T09:04:31","guid":{"rendered":"https:\/\/megacase.com\/?post_type=product&#038;p=275075"},"modified":"2026-03-26T13:42:10","modified_gmt":"2026-03-26T12:42:10","slug":"etui-flip-premium-behringer-wing-compact-plateau-1u","status":"publish","type":"product","link":"https:\/\/megacase.com\/fr\/produit\/etui-flip-premium-behringer-wing-compact-plateau-1u\/","title":{"rendered":"Etui Flip Premium Behringer Wing Compact + plateau + 1U"},"content":{"rendered":"<p>\u00c9tui \u00e0 rabat haut de gamme pour Behringer WING Compact \u2013 avec plateau et espace rack 1U<\/p>\n<p>\u00c9tui \u00e0 rabat haut de gamme de qualit\u00e9 sup\u00e9rieure, sp\u00e9cialement con\u00e7u pour la console de mixage num\u00e9rique Behringer WING Compact. Cet \u00e9tui est dot\u00e9 d&rsquo;un plateau amovible et d&rsquo;un espace rack 1U sous la console, offrant des conditions id\u00e9ales pour une utilisation professionnelle en tourn\u00e9e, sur sc\u00e8ne ou en location.<\/p>\n<p>Gr\u00e2ce \u00e0 sa construction robuste, ses composants de haute qualit\u00e9 et son int\u00e9rieur bien agenc\u00e9, cet \u00e9tui garantit une protection maximale et une manipulation ais\u00e9e.<\/p>\n<p>Caract\u00e9ristiques :<br \/>\nContreplaqu\u00e9 multiplex noir 9 mm RAL 9004<br \/>\nProfil\u00e9s aluminium robustes 35 x 35 mm<br \/>\n10 \u00e9querres de renfort<br \/>\n4 fermetures papillon<br \/>\n8 poign\u00e9es pliantes<br \/>\n1 charni\u00e8re en L renforc\u00e9e<br \/>\n3 charni\u00e8res 6 trous<br \/>\n2 poign\u00e9es de chant<br \/>\n1 porte-\u00e9tiquettes<br \/>\n8 coins \u00e0 billes \u00e9tag\u00e9s<br \/>\n4 roulettes pivotantes, dont 2 avec frein<\/p>\n<p>Plateau de mixage amovible<br \/>\nEspace rack 1U sous la console<br \/>\nSupport moniteur int\u00e9gr\u00e9 (ABT9144 \/ R\u00e9f. 610673)<br \/>\nPr\u00e9par\u00e9 pour le t.racks Power 3 USB<br \/>\nPr\u00e9par\u00e9 pour supports de casque tels que le Thon Rack Headphone Holder ou le K&amp;M 49302 Headphone Holder<br \/>\nRembourrage en mousse sur mesure pour une protection optimale<\/p>\n<p>** Remarque : Les appareils pr\u00e9sent\u00e9s sont \u00e0 titre indicatif uniquement et ne sont PAS inclus dans l&rsquo;offre.<\/p>\n<p>Fabriqu\u00e9 en Allemagne<br \/>\nDimensions ext\u00e9rieures approximatives : Dimensions (L x P x H) : 755 x 545 x 970 mm<br \/>\nPoids approximatif : 63 kg<\/p>\n","protected":false},"excerpt":{"rendered":"<p>\u00c9tui \u00e0 rabat haut de gamme pour Behringer WING Compact \u2013 avec plateau et espace rack 1U \u00c9tui \u00e0 rabat<\/p>\n","protected":false},"featured_media":275020,"template":"","meta":{"_acf_changed":false},"product_brand":[],"product_cat":[13828],"product_tag":[16476],"class_list":{"0":"post-275075","1":"product","2":"type-product","3":"status-publish","4":"has-post-thumbnail","6":"product_cat-mischpult-cases-fr","7":"product_tag-wing-compact-fr","9":"first","10":"instock","11":"taxable","12":"shipping-taxable","13":"purchasable","14":"product-type-simple"},"acf":[],"_links":{"self":[{"href":"https:\/\/megacase.com\/fr\/wp-json\/wp\/v2\/product\/275075","targetHints":{"allow":["GET"]}}],"collection":[{"href":"https:\/\/megacase.com\/fr\/wp-json\/wp\/v2\/product"}],"about":[{"href":"https:\/\/megacase.com\/fr\/wp-json\/wp\/v2\/types\/product"}],"wp:featuredmedia":[{"embeddable":true,"href":"https:\/\/megacase.com\/fr\/wp-json\/wp\/v2\/media\/275020"}],"wp:attachment":[{"href":"https:\/\/megacase.com\/fr\/wp-json\/wp\/v2\/media?parent=275075"}],"wp:term":[{"taxonomy":"product_brand","embeddable":true,"href":"https:\/\/megacase.com\/fr\/wp-json\/wp\/v2\/product_brand?post=275075"},{"taxonomy":"product_cat","embeddable":true,"href":"https:\/\/megacase.com\/fr\/wp-json\/wp\/v2\/product_cat?post=275075"},{"taxonomy":"product_tag","embeddable":true,"href":"https:\/\/megacase.com\/fr\/wp-json\/wp\/v2\/product_tag?post=275075"}],"curies":[{"name":"wp","href":"https:\/\/api.w.org\/{rel}","templated":true}]}}