{"id":274901,"date":"2025-06-24T10:06:44","date_gmt":"2025-06-24T08:06:44","guid":{"rendered":"https:\/\/megacase.com\/product\/coffret-professionnel-pour-2x-kling-freitag-gravis-15-w\/"},"modified":"2026-03-26T13:42:10","modified_gmt":"2026-03-26T12:42:10","slug":"coffret-professionnel-pour-2x-kling-freitag-gravis-15-w","status":"publish","type":"product","link":"https:\/\/megacase.com\/fr\/produit\/coffret-professionnel-pour-2x-kling-freitag-gravis-15-w\/","title":{"rendered":"Coffret professionnel pour 2x Kling &amp; Freitag Gravis 15 W"},"content":{"rendered":"<p>Flight case robuste et de haute qualit\u00e9 pour le transport s\u00e9curis\u00e9 de deux enceintes Kling &amp; Freitag GRAVIS 15W. Ce flight case int\u00e8gre un compartiment pour deux supports pivotants Kling &amp; Freitag GRAVIS 15 (r\u00e9f. 36051) et offre une protection optimale pour une utilisation professionnelle en tourn\u00e9e et lors d&rsquo;\u00e9v\u00e9nements.<\/p>\n<p>Sa construction robuste et ses mat\u00e9riaux de haute qualit\u00e9 garantissent une durabilit\u00e9 maximale et une protection fiable pendant le transport.<\/p>\n<p>Caract\u00e9ristiques :<br \/>\nContreplaqu\u00e9 ph\u00e9nolique brun 9 mm<br \/>\nProfil\u00e9 aluminium 30 x 30 mm<br \/>\n8 \u00e9querres de renfort en L<br \/>\n4 fermetures papillon moyennes<br \/>\n8 poign\u00e9es pliantes moyennes<br \/>\n8 \u00e9querres de renfort \u00e0 rotule<br \/>\n4 roulettes pivotantes de 100 mm, dont 2 avec frein<br \/>\nRembourrage en mousse<\/p>\n<p>Fabriqu\u00e9 en Allemagne<br \/>\nDimensions ext\u00e9rieures : L x P x H 1020 x 663 x 890 mm<br \/>\nPoids : 48,6 kg<\/p>\n","protected":false},"excerpt":{"rendered":"<p>Flight case robuste et de haute qualit\u00e9 pour le transport s\u00e9curis\u00e9 de deux enceintes Kling &amp; Freitag GRAVIS 15W. Ce<\/p>\n","protected":false},"featured_media":274859,"template":"","meta":{"_acf_changed":false},"product_brand":[],"product_cat":[16320],"product_tag":[],"class_list":{"0":"post-274901","1":"product","2":"type-product","3":"status-publish","4":"has-post-thumbnail","6":"product_cat-audio-cases-fr","8":"first","9":"instock","10":"taxable","11":"shipping-taxable","12":"purchasable","13":"product-type-simple"},"acf":[],"_links":{"self":[{"href":"https:\/\/megacase.com\/fr\/wp-json\/wp\/v2\/product\/274901","targetHints":{"allow":["GET"]}}],"collection":[{"href":"https:\/\/megacase.com\/fr\/wp-json\/wp\/v2\/product"}],"about":[{"href":"https:\/\/megacase.com\/fr\/wp-json\/wp\/v2\/types\/product"}],"wp:featuredmedia":[{"embeddable":true,"href":"https:\/\/megacase.com\/fr\/wp-json\/wp\/v2\/media\/274859"}],"wp:attachment":[{"href":"https:\/\/megacase.com\/fr\/wp-json\/wp\/v2\/media?parent=274901"}],"wp:term":[{"taxonomy":"product_brand","embeddable":true,"href":"https:\/\/megacase.com\/fr\/wp-json\/wp\/v2\/product_brand?post=274901"},{"taxonomy":"product_cat","embeddable":true,"href":"https:\/\/megacase.com\/fr\/wp-json\/wp\/v2\/product_cat?post=274901"},{"taxonomy":"product_tag","embeddable":true,"href":"https:\/\/megacase.com\/fr\/wp-json\/wp\/v2\/product_tag?post=274901"}],"curies":[{"name":"wp","href":"https:\/\/api.w.org\/{rel}","templated":true}]}}