{"id":272225,"date":"2025-01-02T10:56:48","date_gmt":"2025-01-02T09:56:48","guid":{"rendered":"https:\/\/megacase.com\/product\/flip-case-yamaha-dm7-bk\/"},"modified":"2026-03-26T13:42:12","modified_gmt":"2026-03-26T12:42:12","slug":"flip-case-yamaha-dm7-bk","status":"publish","type":"product","link":"https:\/\/megacase.com\/fr\/produit\/flip-case-yamaha-dm7-bk\/","title":{"rendered":"Flip Case Yamaha DM7 bk"},"content":{"rendered":"<p>Etui lourd Yamaha DM7<br \/>\nDockhouse d&rsquo;une profondeur de 15 cm,<br \/>\n9 mm multiplex noir RAL9004,<br \/>\nbord en aluminium 35\/35,<br \/>\n10 L coin grand \u00e9tag\u00e9<br \/>\n4 papillons grands,<br \/>\n2 L charni\u00e8re lourde,<br \/>\n6 charni\u00e8re 6 trous,<br \/>\n8 poign\u00e9e pliante grande,<br \/>\n2 poign\u00e9e int\u00e9gr\u00e9e au bord,<br \/>\n1 \u00e9tiquette de visite coquille,<br \/>\n8 grands coins \u00e0 billes \u00e9tag\u00e9s,<br \/>\n2 loquets + ouverture,<br \/>\n4 charni\u00e8res noires 30x28mm<br \/>\n2 amortisseurs \u00e0 pression de gaz,<br \/>\n4 roulettes pivotantes, dont 2 avec frein<br \/>\n1 planche \u00e0 roulettes,<br \/>\nam\u00e9nagement int\u00e9rieur,<br \/>\nmousse,<br \/>\nFabriqu\u00e9 en Allemagne<\/p>\n<p>Dimensions ext\u00e9rieures env. 1013x543x1035mm LxPxH<\/p>\n<p>Traduit avec DeepL.com (version gratuite)<\/p>\n","protected":false},"excerpt":{"rendered":"<p>Etui lourd Yamaha DM7 Dockhouse d&rsquo;une profondeur de 15 cm, 9 mm multiplex noir RAL9004, bord en aluminium 35\/35, 10<\/p>\n","protected":false},"featured_media":272223,"template":"","meta":{"_acf_changed":false},"product_brand":[],"product_cat":[13828],"product_tag":[],"class_list":{"0":"post-272225","1":"product","2":"type-product","3":"status-publish","4":"has-post-thumbnail","6":"product_cat-mischpult-cases-fr","8":"first","9":"instock","10":"taxable","11":"shipping-taxable","12":"purchasable","13":"product-type-simple"},"acf":[],"_links":{"self":[{"href":"https:\/\/megacase.com\/fr\/wp-json\/wp\/v2\/product\/272225","targetHints":{"allow":["GET"]}}],"collection":[{"href":"https:\/\/megacase.com\/fr\/wp-json\/wp\/v2\/product"}],"about":[{"href":"https:\/\/megacase.com\/fr\/wp-json\/wp\/v2\/types\/product"}],"wp:featuredmedia":[{"embeddable":true,"href":"https:\/\/megacase.com\/fr\/wp-json\/wp\/v2\/media\/272223"}],"wp:attachment":[{"href":"https:\/\/megacase.com\/fr\/wp-json\/wp\/v2\/media?parent=272225"}],"wp:term":[{"taxonomy":"product_brand","embeddable":true,"href":"https:\/\/megacase.com\/fr\/wp-json\/wp\/v2\/product_brand?post=272225"},{"taxonomy":"product_cat","embeddable":true,"href":"https:\/\/megacase.com\/fr\/wp-json\/wp\/v2\/product_cat?post=272225"},{"taxonomy":"product_tag","embeddable":true,"href":"https:\/\/megacase.com\/fr\/wp-json\/wp\/v2\/product_tag?post=272225"}],"curies":[{"name":"wp","href":"https:\/\/api.w.org\/{rel}","templated":true}]}}