{"id":272054,"date":"2024-12-30T11:15:27","date_gmt":"2024-12-30T10:15:27","guid":{"rendered":"https:\/\/megacase.com\/product\/16u-l-rack-behr-wing-compact-rg\/"},"modified":"2026-03-26T13:42:12","modified_gmt":"2026-03-26T12:42:12","slug":"16u-l-rack-behr-wing-compact-rg","status":"publish","type":"product","link":"https:\/\/megacase.com\/fr\/produit\/16u-l-rack-behr-wing-compact-rg\/","title":{"rendered":"Rack d&rsquo;angle 16U Behringer Wing Compact"},"content":{"rendered":"<p>Rack d&rsquo;angle 19U pour Behringer Wing Compact<br \/>\nFabriqu\u00e9 en plastique noir avec roulettes pivotantes.<br \/>\nCouvercle ouvrant gr\u00e2ce \u00e0 un rail de 10 unit\u00e9s.<br \/>\nRail de rack 17U en bas, dont 16U utilisables.<br \/>\nProfondeur d&rsquo;installation de 62 cm et grande trappe de service \u00e0 l&rsquo;arri\u00e8re.<\/p>\n<p>Panneau de fibres de bois noir de 6,8 mm<br \/>\nCh\u00e2ssis aluminium 25\/25<br \/>\n10 coins moyens en L<br \/>\n7 poign\u00e9es papillon moyennes<br \/>\n4 poign\u00e9es rabattables moyennes<br \/>\n8 coins ronds moyens<br \/>\n1 grande trappe de service (arri\u00e8re)<br \/>\nRAZ-1 avant + haut (ouvrable)<br \/>\n2 rails de 10 unit\u00e9s<br \/>\nJeu de vis<br \/>\n4 roulettes pivotantes, dont 2 avec frein<br \/>\nRembourrage en mousse<\/p>\n<p>Fabriqu\u00e9 en Allemagne<br \/>\nDimensions ext\u00e9rieures (L x P x H) : 555 x 735 x 1 232 mm<br \/>\nPoids : 33,9 kg<\/p>\n","protected":false},"excerpt":{"rendered":"<p>Rack d&rsquo;angle 19U pour Behringer Wing Compact Fabriqu\u00e9 en plastique noir avec roulettes pivotantes. Couvercle ouvrant gr\u00e2ce \u00e0 un rail<\/p>\n","protected":false},"featured_media":273172,"template":"","meta":{"_acf_changed":false},"product_brand":[],"product_cat":[13828,16380],"product_tag":[16476],"class_list":{"0":"post-272054","1":"product","2":"type-product","3":"status-publish","4":"has-post-thumbnail","6":"product_cat-mischpult-cases-fr","7":"product_cat-behringer-fr","8":"product_tag-wing-compact-fr","10":"first","11":"instock","12":"taxable","13":"shipping-taxable","14":"purchasable","15":"product-type-simple"},"acf":[],"_links":{"self":[{"href":"https:\/\/megacase.com\/fr\/wp-json\/wp\/v2\/product\/272054","targetHints":{"allow":["GET"]}}],"collection":[{"href":"https:\/\/megacase.com\/fr\/wp-json\/wp\/v2\/product"}],"about":[{"href":"https:\/\/megacase.com\/fr\/wp-json\/wp\/v2\/types\/product"}],"wp:featuredmedia":[{"embeddable":true,"href":"https:\/\/megacase.com\/fr\/wp-json\/wp\/v2\/media\/273172"}],"wp:attachment":[{"href":"https:\/\/megacase.com\/fr\/wp-json\/wp\/v2\/media?parent=272054"}],"wp:term":[{"taxonomy":"product_brand","embeddable":true,"href":"https:\/\/megacase.com\/fr\/wp-json\/wp\/v2\/product_brand?post=272054"},{"taxonomy":"product_cat","embeddable":true,"href":"https:\/\/megacase.com\/fr\/wp-json\/wp\/v2\/product_cat?post=272054"},{"taxonomy":"product_tag","embeddable":true,"href":"https:\/\/megacase.com\/fr\/wp-json\/wp\/v2\/product_tag?post=272054"}],"curies":[{"name":"wp","href":"https:\/\/api.w.org\/{rel}","templated":true}]}}