{"id":271745,"date":"2026-03-26T09:08:14","date_gmt":"2026-03-26T08:08:14","guid":{"rendered":"https:\/\/megacase.com\/?post_type=product&#038;p=271745"},"modified":"2026-03-27T11:39:40","modified_gmt":"2026-03-27T10:39:40","slug":"mixercase-behringer-wing-compact-kopie","status":"publish","type":"product","link":"https:\/\/megacase.com\/fr\/produit\/mixercase-behringer-wing-compact-kopie\/","title":{"rendered":"Mixercase Behringer Wing Compact (Kopie)"},"content":{"rendered":"<p>\u00c9tui de capot fabriqu\u00e9 de mani\u00e8re appropri\u00e9e pour un Behringer Wing Compact<br \/>\nHousse \u00e0 capuche avec rembourrage<br \/>\nMat\u00e9riau : panneau polyboard noir de 7 mm<br \/>\nBords en aluminium de 30 x 30 mm<br \/>\nRembourrage en mousse<br \/>\n4 fermoirs papillon moyen<br \/>\n4 poign\u00e9es rabattables moyennes<br \/>\n8 coins \u00e0 billes en acier moyen<br \/>\nun passe-c\u00e2bles de 10 cm \u00e0 l&rsquo;arri\u00e8re<br \/>\nToutes les connexions sont librement accessibles pour le c\u00e2blage<br \/>\nl&rsquo;appareil peut \u00eatre utilis\u00e9 depuis la base<br \/>\nDimensions ext\u00e9rieures (LxPxH) : env. 668x527x334mm<br \/>\nPoids : 11,8kg<br \/>\nFabriqu\u00e9 en Allemagne<\/p>\n","protected":false},"excerpt":{"rendered":"<p>\u00c9tui de capot fabriqu\u00e9 de mani\u00e8re appropri\u00e9e pour un Behringer Wing Compact Housse \u00e0 capuche avec rembourrage Mat\u00e9riau : panneau<\/p>\n","protected":false},"featured_media":273184,"template":"","meta":{"_acf_changed":false},"product_brand":[],"product_cat":[13828],"product_tag":[],"class_list":{"0":"post-271745","1":"product","2":"type-product","3":"status-publish","4":"has-post-thumbnail","6":"product_cat-mischpult-cases-fr","8":"first","9":"instock","10":"taxable","11":"shipping-taxable","12":"purchasable","13":"product-type-simple"},"acf":[],"_links":{"self":[{"href":"https:\/\/megacase.com\/fr\/wp-json\/wp\/v2\/product\/271745","targetHints":{"allow":["GET"]}}],"collection":[{"href":"https:\/\/megacase.com\/fr\/wp-json\/wp\/v2\/product"}],"about":[{"href":"https:\/\/megacase.com\/fr\/wp-json\/wp\/v2\/types\/product"}],"wp:featuredmedia":[{"embeddable":true,"href":"https:\/\/megacase.com\/fr\/wp-json\/wp\/v2\/media\/273184"}],"wp:attachment":[{"href":"https:\/\/megacase.com\/fr\/wp-json\/wp\/v2\/media?parent=271745"}],"wp:term":[{"taxonomy":"product_brand","embeddable":true,"href":"https:\/\/megacase.com\/fr\/wp-json\/wp\/v2\/product_brand?post=271745"},{"taxonomy":"product_cat","embeddable":true,"href":"https:\/\/megacase.com\/fr\/wp-json\/wp\/v2\/product_cat?post=271745"},{"taxonomy":"product_tag","embeddable":true,"href":"https:\/\/megacase.com\/fr\/wp-json\/wp\/v2\/product_tag?post=271745"}],"curies":[{"name":"wp","href":"https:\/\/api.w.org\/{rel}","templated":true}]}}