{"id":270770,"date":"2024-11-06T09:28:53","date_gmt":"2024-11-06T08:28:53","guid":{"rendered":"https:\/\/megacase.com\/product\/premium-flip-case-digico-sd8-bk\/"},"modified":"2026-03-26T13:42:13","modified_gmt":"2026-03-26T12:42:13","slug":"premium-flip-case-digico-sd8-bk","status":"publish","type":"product","link":"https:\/\/megacase.com\/fr\/produit\/premium-flip-case-digico-sd8-bk\/","title":{"rendered":"Premium Flip Case DigiCo SD8  bk"},"content":{"rendered":"<p>Valise \u00e0 clapet lourde noire sur roulettes (2 frein\u00e9es) avec entourages de panneaux lat\u00e9raux pour un DigiCo SD8 ;<br \/>\nLe mixeur peut rester dans la mallette pour le transport et les \u00e9v\u00e9nements.<br \/>\n2 supports lat\u00e9raux pour adaptateur moniteur Article: 9144<br \/>\n1 adaptateur de moniteur inclus<br \/>\nen 9 mm \u00e0 rev\u00eatement multiplex<br \/>\nCouleur : noir<br \/>\nBordure en aluminium 35&#215;35 mm<br \/>\n6 fermoirs papillons grands<br \/>\n8 poign\u00e9es pliantes grandes<br \/>\n12 coins en L<br \/>\n2 poign\u00e9es d&rsquo;installation de bord<br \/>\n8 coins de boule<br \/>\n1 bac d&rsquo;installation Tourlabel<br \/>\n3 charni\u00e8res lourdes 80&#215;120 mm<br \/>\n2 fermetures \u00e0 barre (compartiments avant)<br \/>\n6 charni\u00e8res \u00e0 visser, argent<br \/>\n4 roulettes pivotantes 100 mm dont 2 avec frein<br \/>\nRembourrage en mousse<br \/>\nbandes feutr\u00e9es<br \/>\n2 panneaux lat\u00e9raux adapt\u00e9s au DigiCo SD8<br \/>\nvis de verrouillage<br \/>\n2 sorties de c\u00e2bles dans le dockhouse<br \/>\n4 fraisages pour sorties de c\u00e2bles<br \/>\n2 ressorts \u00e0 gaz<br \/>\n6 \u00e9cluses de quai, dont une verrouillable<br \/>\nDimensions ext\u00e9rieures LxPxH 1615 x 600 x 1210 mm<br \/>\nPoids : 121 kg<br \/>\nFabriqu\u00e9 en Allemagne<\/p>\n","protected":false},"excerpt":{"rendered":"<p>Valise \u00e0 clapet lourde noire sur roulettes (2 frein\u00e9es) avec entourages de panneaux lat\u00e9raux pour un DigiCo SD8 ; Le<\/p>\n","protected":false},"featured_media":270826,"template":"","meta":{"_acf_changed":false},"product_brand":[],"product_cat":[13828],"product_tag":[],"class_list":{"0":"post-270770","1":"product","2":"type-product","3":"status-publish","4":"has-post-thumbnail","6":"product_cat-mischpult-cases-fr","8":"first","9":"instock","10":"taxable","11":"shipping-taxable","12":"purchasable","13":"product-type-simple"},"acf":[],"_links":{"self":[{"href":"https:\/\/megacase.com\/fr\/wp-json\/wp\/v2\/product\/270770","targetHints":{"allow":["GET"]}}],"collection":[{"href":"https:\/\/megacase.com\/fr\/wp-json\/wp\/v2\/product"}],"about":[{"href":"https:\/\/megacase.com\/fr\/wp-json\/wp\/v2\/types\/product"}],"wp:featuredmedia":[{"embeddable":true,"href":"https:\/\/megacase.com\/fr\/wp-json\/wp\/v2\/media\/270826"}],"wp:attachment":[{"href":"https:\/\/megacase.com\/fr\/wp-json\/wp\/v2\/media?parent=270770"}],"wp:term":[{"taxonomy":"product_brand","embeddable":true,"href":"https:\/\/megacase.com\/fr\/wp-json\/wp\/v2\/product_brand?post=270770"},{"taxonomy":"product_cat","embeddable":true,"href":"https:\/\/megacase.com\/fr\/wp-json\/wp\/v2\/product_cat?post=270770"},{"taxonomy":"product_tag","embeddable":true,"href":"https:\/\/megacase.com\/fr\/wp-json\/wp\/v2\/product_tag?post=270770"}],"curies":[{"name":"wp","href":"https:\/\/api.w.org\/{rel}","templated":true}]}}