{"id":270195,"date":"2024-11-03T12:18:43","date_gmt":"2024-11-03T11:18:43","guid":{"rendered":"https:\/\/megacase.com\/?post_type=product&#038;p=270195"},"modified":"2026-04-08T15:49:13","modified_gmt":"2026-04-08T13:49:13","slug":"absolut-case","status":"publish","type":"product","link":"https:\/\/megacase.com\/fr\/produit\/absolut-case\/","title":{"rendered":"Absolut Case"},"content":{"rendered":"<p>\u00c9tui assorti pour une bouteille de vodka avec 4 canettes de boisson \u00e9nergisante (non incluses)<br \/>\nFabriqu\u00e9 \u00e0 partir de contreplaqu\u00e9 de 6,8 mm avec un rev\u00eatement ph\u00e9nolique<br \/>\nLa couleur noire<br \/>\n1 \u00e9l\u00e9gante poign\u00e9e de bo\u00eetier chrom\u00e9e<br \/>\n2 verres<br \/>\n2 verrous \u00e0 clip de haute qualit\u00e9<br \/>\n2 charni\u00e8res verrouillables<br \/>\nincrustation frais\u00e9e avec pr\u00e9cision<br \/>\n8 coins \u00e0 billes en acier<br \/>\nFabriqu\u00e9 en Allemagne<br \/>\nDimensions ext\u00e9rieures LxHxP 47,5&#215;12,5&#215;34,5cm<br \/>\nPoids approximatif : 4,5 kg<\/p>\n","protected":false},"excerpt":{"rendered":"<p>\u00c9tui assorti pour une bouteille de vodka avec 4 canettes de boisson \u00e9nergisante (non incluses) Fabriqu\u00e9 \u00e0 partir de contreplaqu\u00e9<\/p>\n","protected":false},"featured_media":270755,"template":"","meta":{"_acf_changed":false},"product_brand":[],"product_cat":[15042,15377],"product_tag":[16459],"class_list":{"0":"post-270195","1":"product","2":"type-product","3":"status-publish","4":"has-post-thumbnail","6":"product_cat-non-classifiee","7":"product_cat-fun-case-utilisation","8":"product_tag-blackfriday-fr","10":"first","11":"instock","12":"taxable","13":"shipping-taxable","14":"purchasable","15":"product-type-simple"},"acf":[],"_links":{"self":[{"href":"https:\/\/megacase.com\/fr\/wp-json\/wp\/v2\/product\/270195","targetHints":{"allow":["GET"]}}],"collection":[{"href":"https:\/\/megacase.com\/fr\/wp-json\/wp\/v2\/product"}],"about":[{"href":"https:\/\/megacase.com\/fr\/wp-json\/wp\/v2\/types\/product"}],"wp:featuredmedia":[{"embeddable":true,"href":"https:\/\/megacase.com\/fr\/wp-json\/wp\/v2\/media\/270755"}],"wp:attachment":[{"href":"https:\/\/megacase.com\/fr\/wp-json\/wp\/v2\/media?parent=270195"}],"wp:term":[{"taxonomy":"product_brand","embeddable":true,"href":"https:\/\/megacase.com\/fr\/wp-json\/wp\/v2\/product_brand?post=270195"},{"taxonomy":"product_cat","embeddable":true,"href":"https:\/\/megacase.com\/fr\/wp-json\/wp\/v2\/product_cat?post=270195"},{"taxonomy":"product_tag","embeddable":true,"href":"https:\/\/megacase.com\/fr\/wp-json\/wp\/v2\/product_tag?post=270195"}],"curies":[{"name":"wp","href":"https:\/\/api.w.org\/{rel}","templated":true}]}}