{"id":270067,"date":"2024-10-30T15:23:51","date_gmt":"2024-10-30T14:23:51","guid":{"rendered":"https:\/\/megacase.com\/?post_type=product&#038;p=270067"},"modified":"2026-04-08T15:45:45","modified_gmt":"2026-04-08T13:45:45","slug":"havanna-case","status":"publish","type":"product","link":"https:\/\/megacase.com\/fr\/produit\/havanna-case\/","title":{"rendered":"Havanna Case"},"content":{"rendered":"<p>Une valise originale pour les amateurs de soda carib\u00e9en en d\u00e9placement.<br \/>\nQue ce soit comme cadeau d&rsquo;invit\u00e9 ou comme valise pour des repr\u00e9sentations, vous attirerez tous les regards avec cette mallette<br \/>\ncertainement sur lui-m\u00eame.<br \/>\nL&rsquo;insert en mousse est pr\u00e9par\u00e9 pour une bouteille de 0,7 l de Havana Club et deux bouteilles de 0,5 l de Cola (<br \/>\nceux-ci ne sont pas inclus)<br \/>\nLes deux verres font partie de la livraison.<br \/>\nNoir ph\u00e9nol multiplex 6,8 mm<br \/>\n1 \u00e9l\u00e9gante poign\u00e9e de valise chrom\u00e9e<br \/>\n2 verres<br \/>\n2 verrous \u00e0 clip de haute qualit\u00e9<br \/>\n2 charni\u00e8res verrouillables<br \/>\nincrustation frais\u00e9e avec pr\u00e9cision<br \/>\nCoins \u00e0 billes en acier<br \/>\nFabriqu\u00e9 en Allemagne<br \/>\nDimensions ext\u00e9rieures LxHxP<br \/>\n47,5&#215;12,5&#215;34,5cm<\/p>\n<p>Remarque : La bouteille Havana Club et les bouteilles Cola ne sont pas incluses.<br \/>\nLa livraison comprend 2 verres.<\/p>\n","protected":false},"excerpt":{"rendered":"<p>Une valise originale pour les amateurs de soda carib\u00e9en en d\u00e9placement. Que ce soit comme cadeau d&rsquo;invit\u00e9 ou comme valise<\/p>\n","protected":false},"featured_media":270599,"template":"","meta":{"_acf_changed":false},"product_brand":[],"product_cat":[15042],"product_tag":[16459],"class_list":{"0":"post-270067","1":"product","2":"type-product","3":"status-publish","4":"has-post-thumbnail","6":"product_cat-non-classifiee","7":"product_tag-blackfriday-fr","9":"first","10":"instock","11":"taxable","12":"shipping-taxable","13":"purchasable","14":"product-type-simple"},"acf":[],"_links":{"self":[{"href":"https:\/\/megacase.com\/fr\/wp-json\/wp\/v2\/product\/270067","targetHints":{"allow":["GET"]}}],"collection":[{"href":"https:\/\/megacase.com\/fr\/wp-json\/wp\/v2\/product"}],"about":[{"href":"https:\/\/megacase.com\/fr\/wp-json\/wp\/v2\/types\/product"}],"wp:featuredmedia":[{"embeddable":true,"href":"https:\/\/megacase.com\/fr\/wp-json\/wp\/v2\/media\/270599"}],"wp:attachment":[{"href":"https:\/\/megacase.com\/fr\/wp-json\/wp\/v2\/media?parent=270067"}],"wp:term":[{"taxonomy":"product_brand","embeddable":true,"href":"https:\/\/megacase.com\/fr\/wp-json\/wp\/v2\/product_brand?post=270067"},{"taxonomy":"product_cat","embeddable":true,"href":"https:\/\/megacase.com\/fr\/wp-json\/wp\/v2\/product_cat?post=270067"},{"taxonomy":"product_tag","embeddable":true,"href":"https:\/\/megacase.com\/fr\/wp-json\/wp\/v2\/product_tag?post=270067"}],"curies":[{"name":"wp","href":"https:\/\/api.w.org\/{rel}","templated":true}]}}