{"id":269929,"date":"2024-10-24T13:36:49","date_gmt":"2024-10-24T11:36:49","guid":{"rendered":"https:\/\/megacase.com\/product\/megaflex-3u-modulrack-45-rsh\/"},"modified":"2026-03-26T13:45:10","modified_gmt":"2026-03-26T12:45:10","slug":"megaflex-3u-modulrack-45-rsh","status":"publish","type":"product","link":"https:\/\/megacase.com\/fr\/produit\/megaflex-3u-modulrack-45-rsh\/","title":{"rendered":"Megaflex 3U Modulrack 45 RSH"},"content":{"rendered":"<p>Rack de modules 3U compos\u00e9 de<br \/>\nBois multiplex de bouleau de 15 mm chevill\u00e9 et coll\u00e9<br \/>\nPeint en noir avec une peinture textur\u00e9e durable<br \/>\nEntr\u00e9e de c\u00e2ble \u00e0 l&rsquo;arri\u00e8re<br \/>\npieds plats en caoutchouc en bas<br \/>\nEmpilable gr\u00e2ce aux bacs frais\u00e9s pour pieds en caoutchouc en haut<br \/>\nconvient au coffre \u00e0 c\u00e2bles Megaflex (article n\u00b0 <a href=\"https:\/\/megacase.com\/fr\/produit\/kabeltruhe-megaflex-60-rollen-gebremst\/\">243748<\/a>\/<a href=\"https:\/\/megacase.com\/fr\/produit\/kabeltruhe-multiflex-80-rollen-gebremst\/\">168190<\/a>\/<a href=\"https:\/\/megacase.com\/fr\/produit\/megaflex-roadcase-90-bk-wheel\/\">302759<\/a>\/<a href=\"https:\/\/megacase.com\/fr\/produit\/kabeltruhe-megaflex-120-schwarz-rollen-gebremst\/\">168189<\/a>)<br \/>\nconvient au bo\u00eetier de capot Megaflex (article n\u00b0 476548\/476547)<br \/>\nPoign\u00e9es encastr\u00e9es frais\u00e9es sur les c\u00f4t\u00e9s<br \/>\nRails de rack continus \u00e0 l&rsquo;avant et \u00e0 l&rsquo;arri\u00e8re<br \/>\navec jeu de vis<br \/>\nDimensions ext\u00e9rieures LxPxH 535 x 580 x 177 mm<br \/>\nPoids environ 8,3 kg<\/p>\n","protected":false},"excerpt":{"rendered":"<p>Rack de modules 3U compos\u00e9 de Bois multiplex de bouleau de 15 mm chevill\u00e9 et coll\u00e9 Peint en noir avec<\/p>\n","protected":false},"featured_media":269914,"template":"","meta":{"_acf_changed":false},"product_brand":[],"product_cat":[16438],"product_tag":[],"class_list":{"0":"post-269929","1":"product","2":"type-product","3":"status-publish","4":"has-post-thumbnail","6":"product_cat-modul-rack-fr","8":"first","9":"instock","10":"taxable","11":"shipping-taxable","12":"purchasable","13":"product-type-simple"},"acf":[],"_links":{"self":[{"href":"https:\/\/megacase.com\/fr\/wp-json\/wp\/v2\/product\/269929","targetHints":{"allow":["GET"]}}],"collection":[{"href":"https:\/\/megacase.com\/fr\/wp-json\/wp\/v2\/product"}],"about":[{"href":"https:\/\/megacase.com\/fr\/wp-json\/wp\/v2\/types\/product"}],"wp:featuredmedia":[{"embeddable":true,"href":"https:\/\/megacase.com\/fr\/wp-json\/wp\/v2\/media\/269914"}],"wp:attachment":[{"href":"https:\/\/megacase.com\/fr\/wp-json\/wp\/v2\/media?parent=269929"}],"wp:term":[{"taxonomy":"product_brand","embeddable":true,"href":"https:\/\/megacase.com\/fr\/wp-json\/wp\/v2\/product_brand?post=269929"},{"taxonomy":"product_cat","embeddable":true,"href":"https:\/\/megacase.com\/fr\/wp-json\/wp\/v2\/product_cat?post=269929"},{"taxonomy":"product_tag","embeddable":true,"href":"https:\/\/megacase.com\/fr\/wp-json\/wp\/v2\/product_tag?post=269929"}],"curies":[{"name":"wp","href":"https:\/\/api.w.org\/{rel}","templated":true}]}}