{"id":269858,"date":"2024-10-24T12:51:31","date_gmt":"2024-10-24T10:51:31","guid":{"rendered":"https:\/\/megacase.com\/product\/megaflex-2u-modulrack-45-short\/"},"modified":"2026-03-26T13:45:11","modified_gmt":"2026-03-26T12:45:11","slug":"megaflex-2u-modulrack-45-short","status":"publish","type":"product","link":"https:\/\/megacase.com\/fr\/produit\/megaflex-2u-modulrack-45-short\/","title":{"rendered":"Megaflex 2U Modulrack 45 short"},"content":{"rendered":"<p>Nutzh\u00f6he: 2 HE,<br \/>\nNutztiefe: 45 cm,<br \/>\naus 15 mm Birkenmultiplex,<br \/>\nged\u00fcbelt und verleimt,<br \/>\nmit strapazierf\u00e4higem Strukturlack,<br \/>\nKabeldurchf\u00fchrung hinten,<br \/>\nflache Gummif\u00fc\u00dfe am Boden,<br \/>\nstapelbar durch gefr\u00e4ste Mulden f\u00fcr Gummif\u00fc\u00dfe auf der Oberseite,<br \/>\npassend f\u00fcr Kabeltruhe Megaflex (Art. <a href=\"https:\/\/megacase.com\/de\/produkt\/kabeltruhe-megaflex-60-rollen-gebremst\/\">243748<\/a>, <a href=\"https:\/\/megacase.com\/de\/produkt\/kabeltruhe-multiflex-80-rollen-gebremst\/\">168190<\/a>, <a href=\"https:\/\/megacase.com\/de\/produkt\/megaflex-roadcase-90-bk-wheel\/\">302759<\/a> und <a href=\"https:\/\/megacase.com\/de\/produkt\/kabeltruhe-megaflex-120-schwarz-rollen-gebremst\/\">168189<\/a>),<br \/>\npassend f\u00fcr Megaflex Racklid I und II ( Artikel: 476548\/476547)<br \/>\n2 gefr\u00e4ste seitliche Griffmulden,<br \/>\nstufenlose Rackschiene vorne (optional auch hinten erh\u00e4ltlich),<br \/>\nAu\u00dfenma\u00dfe (B x T x H): 535 x 580 x 132 mm,<br \/>\nGewicht: 5,6 kg,<br \/>\nFarbe: Schwarz,<br \/>\ninkl. Schraubensatz,<br \/>\nhergestellt in Deutschland<\/p>\n","protected":false},"excerpt":{"rendered":"<p>Nutzh\u00f6he: 2 HE, Nutztiefe: 45 cm, aus 15 mm Birkenmultiplex, ged\u00fcbelt und verleimt, mit strapazierf\u00e4higem Strukturlack, Kabeldurchf\u00fchrung hinten, flache Gummif\u00fc\u00dfe<\/p>\n","protected":false},"featured_media":269847,"template":"","meta":{"_acf_changed":false},"product_brand":[],"product_cat":[15042],"product_tag":[],"class_list":{"0":"post-269858","1":"product","2":"type-product","3":"status-publish","4":"has-post-thumbnail","6":"product_cat-non-classifiee","8":"first","9":"instock","10":"taxable","11":"shipping-taxable","12":"purchasable","13":"product-type-simple"},"acf":[],"_links":{"self":[{"href":"https:\/\/megacase.com\/fr\/wp-json\/wp\/v2\/product\/269858","targetHints":{"allow":["GET"]}}],"collection":[{"href":"https:\/\/megacase.com\/fr\/wp-json\/wp\/v2\/product"}],"about":[{"href":"https:\/\/megacase.com\/fr\/wp-json\/wp\/v2\/types\/product"}],"wp:featuredmedia":[{"embeddable":true,"href":"https:\/\/megacase.com\/fr\/wp-json\/wp\/v2\/media\/269847"}],"wp:attachment":[{"href":"https:\/\/megacase.com\/fr\/wp-json\/wp\/v2\/media?parent=269858"}],"wp:term":[{"taxonomy":"product_brand","embeddable":true,"href":"https:\/\/megacase.com\/fr\/wp-json\/wp\/v2\/product_brand?post=269858"},{"taxonomy":"product_cat","embeddable":true,"href":"https:\/\/megacase.com\/fr\/wp-json\/wp\/v2\/product_cat?post=269858"},{"taxonomy":"product_tag","embeddable":true,"href":"https:\/\/megacase.com\/fr\/wp-json\/wp\/v2\/product_tag?post=269858"}],"curies":[{"name":"wp","href":"https:\/\/api.w.org\/{rel}","templated":true}]}}