{"id":268824,"date":"2024-09-05T08:26:02","date_gmt":"2024-09-05T06:26:02","guid":{"rendered":"https:\/\/megacase.com\/?post_type=product&#038;p=268824"},"modified":"2026-03-26T13:45:12","modified_gmt":"2026-03-26T12:45:12","slug":"16u-it-rack-80-wheel","status":"publish","type":"product","link":"https:\/\/megacase.com\/fr\/produit\/16u-it-rack-80-wheel\/","title":{"rendered":"16U IT Rack 80 + wheel"},"content":{"rendered":"<p>Rack professionnel de 19 po avec rails de rack perfor\u00e9s \u00e0 l&rsquo;avant et \u00e0 l&rsquo;arri\u00e8re<br \/>\nHauteur d&rsquo;installation: 16U<br \/>\nProfondeur d&rsquo;installation: 800 mm<br \/>\nProfondeur du corps: 830 mm<br \/>\n9 mm enduit de r\u00e9sine ph\u00e9nolique multiplex bouleau<br \/>\nCouleur marron<br \/>\nBord en aluminium 30 x 30 mm<br \/>\n8 cadenas papillon, moyen<br \/>\n4 poign\u00e9es pliantes, moyennes<br \/>\n2 coques d&rsquo;installation de ventilation<br \/>\n8 grands coins sph\u00e9riques<br \/>\nrails de rack perfor\u00e9s \u00e0 l&rsquo;avant et \u00e0 l&rsquo;arri\u00e8re<br \/>\nMat\u00e9riel de montage inclus<br \/>\n4 roulettes pivotantes, dont 2 frein\u00e9es<br \/>\nFabriqu\u00e9 en Allemagne<br \/>\nDimensions ext\u00e9rieures LxPxL env.: 550 x 990 x 905 mm<\/p>\n","protected":false},"excerpt":{"rendered":"<p>Rack professionnel de 19 po avec rails de rack perfor\u00e9s \u00e0 l&rsquo;avant et \u00e0 l&rsquo;arri\u00e8re | Hauteur d&rsquo;installation: 16U | Profondeur d&rsquo;installation: 800 mm<\/p>\n","protected":false},"featured_media":212361,"template":"","meta":{"_acf_changed":false},"product_brand":[],"product_cat":[13593],"product_tag":[],"class_list":{"0":"post-268824","1":"product","2":"type-product","3":"status-publish","4":"has-post-thumbnail","6":"product_cat-racks-fr","8":"first","9":"instock","10":"taxable","11":"shipping-taxable","12":"purchasable","13":"product-type-simple"},"acf":[],"_links":{"self":[{"href":"https:\/\/megacase.com\/fr\/wp-json\/wp\/v2\/product\/268824","targetHints":{"allow":["GET"]}}],"collection":[{"href":"https:\/\/megacase.com\/fr\/wp-json\/wp\/v2\/product"}],"about":[{"href":"https:\/\/megacase.com\/fr\/wp-json\/wp\/v2\/types\/product"}],"wp:featuredmedia":[{"embeddable":true,"href":"https:\/\/megacase.com\/fr\/wp-json\/wp\/v2\/media\/212361"}],"wp:attachment":[{"href":"https:\/\/megacase.com\/fr\/wp-json\/wp\/v2\/media?parent=268824"}],"wp:term":[{"taxonomy":"product_brand","embeddable":true,"href":"https:\/\/megacase.com\/fr\/wp-json\/wp\/v2\/product_brand?post=268824"},{"taxonomy":"product_cat","embeddable":true,"href":"https:\/\/megacase.com\/fr\/wp-json\/wp\/v2\/product_cat?post=268824"},{"taxonomy":"product_tag","embeddable":true,"href":"https:\/\/megacase.com\/fr\/wp-json\/wp\/v2\/product_tag?post=268824"}],"curies":[{"name":"wp","href":"https:\/\/api.w.org\/{rel}","templated":true}]}}