{"id":268311,"date":"2017-09-19T13:06:02","date_gmt":"2017-09-19T11:06:02","guid":{"rendered":"https:\/\/megacase.com\/product\/koffercase-fuer-monitor-550x330x45-mm-bxtxh-ra\/"},"modified":"2024-08-13T12:31:53","modified_gmt":"2024-08-13T10:31:53","slug":"koffercase-fuer-monitor-550x330x45-mm-bxtxh-ra","status":"publish","type":"product","link":"https:\/\/megacase.com\/fr\/produit\/koffercase-fuer-monitor-550x330x45-mm-bxtxh-ra\/","title":{"rendered":"Case for Display 550x330x45 mm WxDxH"},"content":{"rendered":"<p>Bo\u00eetier avec rails de rack r\u00e9glables et plaque de montage pour un support Vesa.<br \/>\nen bois multicouche multiplex de 6,8 mm<br \/>\nRev\u00eatement en r\u00e9sine ph\u00e9nolique marron<br \/>\nBordure en aluminium 25&#215;25 mm<br \/>\nFermoir 2 papillons<br \/>\n1 poign\u00e9e pliante<br \/>\n8 coins de balle<br \/>\nRails de cr\u00e9maill\u00e8re<br \/>\nVoyageur debout sur la grille<br \/>\nPieds en caoutchouc en dessous<br \/>\nMousse<br \/>\nCarte de montage pour support Vesa<br \/>\nDimensions ext\u00e9rieures : LxPxH 660x450x215 mm<br \/>\nPoids : 8,9 kg<br \/>\nFabriqu\u00e9 en Allemagne<\/p>\n","protected":false},"excerpt":{"rendered":"<p>Bo\u00eetier avec rails de rack r\u00e9glables et plaque de montage pour un support Vesa. en bois multicouche multiplex de 6,8<\/p>\n","protected":false},"featured_media":74535,"template":"","meta":{"_acf_changed":false},"product_brand":[],"product_cat":[13975],"product_tag":[],"class_list":{"0":"post-268311","1":"product","2":"type-product","3":"status-publish","4":"has-post-thumbnail","6":"product_cat-netbook-koffer-fr","8":"first","9":"instock","10":"taxable","11":"shipping-taxable","12":"purchasable","13":"product-type-simple"},"acf":[],"_links":{"self":[{"href":"https:\/\/megacase.com\/fr\/wp-json\/wp\/v2\/product\/268311","targetHints":{"allow":["GET"]}}],"collection":[{"href":"https:\/\/megacase.com\/fr\/wp-json\/wp\/v2\/product"}],"about":[{"href":"https:\/\/megacase.com\/fr\/wp-json\/wp\/v2\/types\/product"}],"wp:featuredmedia":[{"embeddable":true,"href":"https:\/\/megacase.com\/fr\/wp-json\/wp\/v2\/media\/74535"}],"wp:attachment":[{"href":"https:\/\/megacase.com\/fr\/wp-json\/wp\/v2\/media?parent=268311"}],"wp:term":[{"taxonomy":"product_brand","embeddable":true,"href":"https:\/\/megacase.com\/fr\/wp-json\/wp\/v2\/product_brand?post=268311"},{"taxonomy":"product_cat","embeddable":true,"href":"https:\/\/megacase.com\/fr\/wp-json\/wp\/v2\/product_cat?post=268311"},{"taxonomy":"product_tag","embeddable":true,"href":"https:\/\/megacase.com\/fr\/wp-json\/wp\/v2\/product_tag?post=268311"}],"curies":[{"name":"wp","href":"https:\/\/api.w.org\/{rel}","templated":true}]}}