{"id":267603,"date":"2024-07-02T08:55:28","date_gmt":"2024-07-02T06:55:28","guid":{"rendered":"https:\/\/megacase.com\/product\/profi-roadcase-yamaha-dm7-compact-ex-rg-dh-bk\/"},"modified":"2026-03-26T13:47:43","modified_gmt":"2026-03-26T12:47:43","slug":"profi-roadcase-yamaha-dm7-compact-ex-rg-dh-bk","status":"publish","type":"product","link":"https:\/\/megacase.com\/fr\/produit\/profi-roadcase-yamaha-dm7-compact-ex-rg-dh-bk\/","title":{"rendered":"Valise de transport professionnelle Yamaha DM7 Compact EX + roulettes"},"content":{"rendered":"<p>Valise de transport professionnelle pour Yamaha DM7 Compact EX<br \/>\nsur roulettes avec station d&rsquo;accueil de 15 cm de profondeur derri\u00e8re le mixeur.<br \/>\nD\u00e9coupes multiconducteurs prot\u00e9g\u00e9es contre la poussi\u00e8re \u00e0 gauche et \u00e0 droite.<\/p>\n<p>Contreplaqu\u00e9 noir 9 mm, RAL 9004<br \/>\nCh\u00e2ssis aluminium 30 x 30 mm<br \/>\n4 coins moyens en L<br \/>\n4 grands coins en L<br \/>\n4 poign\u00e9es papillon moyennes \u00e0 ressort<br \/>\n10 poign\u00e9es rabattables moyennes<br \/>\n8 grands coins \u00e0 billes en acier<br \/>\n1 autocollant Shockwatch<br \/>\n2 bandes antid\u00e9rapantes<br \/>\n4 roulettes pivotantes, dont 2 avec frein<br \/>\nRembourrage en mousse<\/p>\n<p>Fabriqu\u00e9 en Allemagne<br \/>\nDimensions ext\u00e9rieures L x P x H : 740 x 432 x 950 mm<br \/>\nPoids : 38,1 kg<\/p>\n","protected":false},"excerpt":{"rendered":"<p>Valise de transport professionnelle pour Yamaha DM7 Compact EX sur roulettes avec station d&rsquo;accueil de 15 cm de profondeur derri\u00e8re<\/p>\n","protected":false},"featured_media":267588,"template":"","meta":{"_acf_changed":false},"product_brand":[],"product_cat":[13828],"product_tag":[],"class_list":{"0":"post-267603","1":"product","2":"type-product","3":"status-publish","4":"has-post-thumbnail","6":"product_cat-mischpult-cases-fr","8":"first","9":"instock","10":"taxable","11":"shipping-taxable","12":"purchasable","13":"product-type-simple"},"acf":[],"_links":{"self":[{"href":"https:\/\/megacase.com\/fr\/wp-json\/wp\/v2\/product\/267603","targetHints":{"allow":["GET"]}}],"collection":[{"href":"https:\/\/megacase.com\/fr\/wp-json\/wp\/v2\/product"}],"about":[{"href":"https:\/\/megacase.com\/fr\/wp-json\/wp\/v2\/types\/product"}],"wp:featuredmedia":[{"embeddable":true,"href":"https:\/\/megacase.com\/fr\/wp-json\/wp\/v2\/media\/267588"}],"wp:attachment":[{"href":"https:\/\/megacase.com\/fr\/wp-json\/wp\/v2\/media?parent=267603"}],"wp:term":[{"taxonomy":"product_brand","embeddable":true,"href":"https:\/\/megacase.com\/fr\/wp-json\/wp\/v2\/product_brand?post=267603"},{"taxonomy":"product_cat","embeddable":true,"href":"https:\/\/megacase.com\/fr\/wp-json\/wp\/v2\/product_cat?post=267603"},{"taxonomy":"product_tag","embeddable":true,"href":"https:\/\/megacase.com\/fr\/wp-json\/wp\/v2\/product_tag?post=267603"}],"curies":[{"name":"wp","href":"https:\/\/api.w.org\/{rel}","templated":true}]}}