{"id":267402,"date":"2024-06-24T10:57:27","date_gmt":"2024-06-24T08:57:27","guid":{"rendered":"https:\/\/megacase.com\/product\/display-multi-case-variabel-bis-55-1in1\/"},"modified":"2026-03-26T13:47:43","modified_gmt":"2026-03-26T12:47:43","slug":"display-multi-case-variabel-bis-55-1in1","status":"publish","type":"product","link":"https:\/\/megacase.com\/fr\/produit\/display-multi-case-variabel-bis-55-1in1\/","title":{"rendered":"Display Multi Case variabel bis 55&Prime; 1in1"},"content":{"rendered":"<p>Pr\u00e9sentoir variable \u00e0 bo\u00eetier unique avec roulettes<br \/>\npour \u00ab\u00a0un\u00a0\u00bb \u00e9cran jusqu&rsquo;\u00e0 55&Prime;,<br \/>\nen multiplex de 9 mm,<br \/>\nEnduit de r\u00e9sine ph\u00e9nolique color\u00e9e,<br \/>\nCouleur marron<br \/>\nProfil\u00e9 aluminium 30&#215;30 mm,<br \/>\n8 poign\u00e9es pliantes,<br \/>\n4 fermoirs papillon,<br \/>\ncoins de billes d&rsquo;acier,<br \/>\nRembourrage en mousse sur mesure<br \/>\ndans la base et le couvercle,<br \/>\n2 plaques de maintien variables rembourr\u00e9es de mousse,<br \/>\n4 roues \u00ab Blue Wheels \u00bb de 100 mm dont 2 avec freins,<br \/>\n1 sangle d&rsquo;arrimage et \u0153illets,<br \/>\nFabriqu\u00e9 en Allemagne,<br \/>\nDimensions ext\u00e9rieures : LxPxH 1525x330x1085 mm,<br \/>\n Poids : 46,1 kg<\/p>\n","protected":false},"excerpt":{"rendered":"<p>Pr\u00e9sentoir variable \u00e0 bo\u00eetier unique avec roulettes pour \u00ab\u00a0un\u00a0\u00bb \u00e9cran jusqu&rsquo;\u00e0 55&Prime;, en multiplex de 9 mm, Enduit de r\u00e9sine<\/p>\n","protected":false},"featured_media":267383,"template":"","meta":{"_acf_changed":false},"product_brand":[],"product_cat":[13690],"product_tag":[],"class_list":{"0":"post-267402","1":"product","2":"type-product","3":"status-publish","4":"has-post-thumbnail","6":"product_cat-display-monitor-fr","8":"first","9":"instock","10":"taxable","11":"shipping-taxable","12":"purchasable","13":"product-type-simple"},"acf":[],"_links":{"self":[{"href":"https:\/\/megacase.com\/fr\/wp-json\/wp\/v2\/product\/267402","targetHints":{"allow":["GET"]}}],"collection":[{"href":"https:\/\/megacase.com\/fr\/wp-json\/wp\/v2\/product"}],"about":[{"href":"https:\/\/megacase.com\/fr\/wp-json\/wp\/v2\/types\/product"}],"wp:featuredmedia":[{"embeddable":true,"href":"https:\/\/megacase.com\/fr\/wp-json\/wp\/v2\/media\/267383"}],"wp:attachment":[{"href":"https:\/\/megacase.com\/fr\/wp-json\/wp\/v2\/media?parent=267402"}],"wp:term":[{"taxonomy":"product_brand","embeddable":true,"href":"https:\/\/megacase.com\/fr\/wp-json\/wp\/v2\/product_brand?post=267402"},{"taxonomy":"product_cat","embeddable":true,"href":"https:\/\/megacase.com\/fr\/wp-json\/wp\/v2\/product_cat?post=267402"},{"taxonomy":"product_tag","embeddable":true,"href":"https:\/\/megacase.com\/fr\/wp-json\/wp\/v2\/product_tag?post=267402"}],"curies":[{"name":"wp","href":"https:\/\/api.w.org\/{rel}","templated":true}]}}