{"id":267047,"date":"2024-06-04T08:26:28","date_gmt":"2024-06-04T06:26:28","guid":{"rendered":"https:\/\/megacase.com\/product\/flip-case-flex-yamaha-dm7-ex-bk\/"},"modified":"2026-03-26T13:47:44","modified_gmt":"2026-03-26T12:47:44","slug":"flip-case-flex-yamaha-dm7-ex-bk","status":"publish","type":"product","link":"https:\/\/megacase.com\/fr\/produit\/flip-case-flex-yamaha-dm7-ex-bk\/","title":{"rendered":"Flip Case Flex Yamaha DM7-EX bk"},"content":{"rendered":"<p>Etui \u00e0 rabat lourd Yamaha DM7 avec extension<br \/>\nDockhouse de 15 cm de profondeur derri\u00e8re l&rsquo;appareil,<br \/>\nAvec pr\u00e9paration pour adaptateurs de moniteur \u00e0 droite et \u00e0 gauche du plateau m\u00e9langeur (1 adaptateur incl.)<br \/>\n9 mm multiplex noir RAL9004,<br \/>\nBordure en aluminium 35\/35,<br \/>\nCoin 10 L grand \u00e9tage<br \/>\n4 papillons grands,<br \/>\nCharni\u00e8re 2 L lourde,<br \/>\n6 charni\u00e8res 6 trous,<br \/>\n8 poign\u00e9es pliantes grandes,<br \/>\npoign\u00e9e d&rsquo;installation \u00e0 2 bords,<br \/>\n1 coque d&rsquo;\u00e9tiquette de tourn\u00e9e,<br \/>\n8 grands coins boules \u00e9tag\u00e9s,<br \/>\nFermeture 2 loquets + panneau,<br \/>\n4 charni\u00e8res noires 30x28mm<br \/>\n2 amortisseurs de pression de gaz,<br \/>\n4 roulettes pivotantes dont 2 avec frein,<br \/>\n1 planche \u00e0 roulettes,<br \/>\nla d\u00e9coration int\u00e9rieure,<br \/>\nmousse,<br \/>\n1 adaptateur pour moniteur<br \/>\nFabriqu\u00e9 en Allemagne<br \/>\nDimensions ext\u00e9rieures LxPxH 1260 x 540 x 1044 mm<br \/>\nPoids : 97,5 kg<\/p>\n","protected":false},"excerpt":{"rendered":"<p>Etui \u00e0 rabat lourd Yamaha DM7 avec extension Dockhouse de 15 cm de profondeur derri\u00e8re l&rsquo;appareil, Avec pr\u00e9paration pour adaptateurs<\/p>\n","protected":false},"featured_media":267044,"template":"","meta":{"_acf_changed":false},"product_brand":[],"product_cat":[13828],"product_tag":[],"class_list":{"0":"post-267047","1":"product","2":"type-product","3":"status-publish","4":"has-post-thumbnail","6":"product_cat-mischpult-cases-fr","8":"first","9":"instock","10":"taxable","11":"shipping-taxable","12":"purchasable","13":"product-type-simple"},"acf":[],"_links":{"self":[{"href":"https:\/\/megacase.com\/fr\/wp-json\/wp\/v2\/product\/267047","targetHints":{"allow":["GET"]}}],"collection":[{"href":"https:\/\/megacase.com\/fr\/wp-json\/wp\/v2\/product"}],"about":[{"href":"https:\/\/megacase.com\/fr\/wp-json\/wp\/v2\/types\/product"}],"wp:featuredmedia":[{"embeddable":true,"href":"https:\/\/megacase.com\/fr\/wp-json\/wp\/v2\/media\/267044"}],"wp:attachment":[{"href":"https:\/\/megacase.com\/fr\/wp-json\/wp\/v2\/media?parent=267047"}],"wp:term":[{"taxonomy":"product_brand","embeddable":true,"href":"https:\/\/megacase.com\/fr\/wp-json\/wp\/v2\/product_brand?post=267047"},{"taxonomy":"product_cat","embeddable":true,"href":"https:\/\/megacase.com\/fr\/wp-json\/wp\/v2\/product_cat?post=267047"},{"taxonomy":"product_tag","embeddable":true,"href":"https:\/\/megacase.com\/fr\/wp-json\/wp\/v2\/product_tag?post=267047"}],"curies":[{"name":"wp","href":"https:\/\/api.w.org\/{rel}","templated":true}]}}