{"id":266883,"date":"2024-05-28T09:58:22","date_gmt":"2024-05-28T07:58:22","guid":{"rendered":"https:\/\/megacase.com\/product\/pedalcase-fractal-fm9-kk\/"},"modified":"2026-03-26T13:47:44","modified_gmt":"2026-03-26T12:47:44","slug":"pedalcase-fractal-fm9-kk","status":"publish","type":"product","link":"https:\/\/megacase.com\/fr\/produit\/pedalcase-fractal-fm9-kk\/","title":{"rendered":"\u00c9tui pour p\u00e9dales\/capot pour Fractal FM9"},"content":{"rendered":"<p>Un \u00e9tui con\u00e7u sp\u00e9cifiquement pour le Fractal FM9, \u00e9galement utilisable comme \u00e9tui pour p\u00e9dales.<\/p>\n<p>L&rsquo;arri\u00e8re est dot\u00e9 d&rsquo;une ouverture de 90 mm pour la gestion des c\u00e2bles,<br \/>\ngarantissant un acc\u00e8s facile \u00e0 toutes les connexions.<\/p>\n<p>L&rsquo;\u00e9tui est \u00e9quip\u00e9 d&rsquo;un rembourrage en mousse sur mesure,<br \/>\npour maintenir et prot\u00e9ger efficacement l&rsquo;appareil.<\/p>\n<p>Le Fractal FM9 peut \u00eatre utilis\u00e9 directement depuis le dessous de l&rsquo;\u00e9tui.<\/p>\n<p>Contreplaqu\u00e9 ph\u00e9nolique brun de 6,8 mm<br \/>\nProfil\u00e9 en aluminium 22 x 22 mm<br \/>\n4 \u00e9querres moyennes en forme de L<br \/>\n2 mini-fermoirs papillon<br \/>\n1 poign\u00e9e en cuir<br \/>\n8 petites \u00e9querres \u00e0 billes en acier<br \/>\n4 pieds en caoutchouc<\/p>\n<p>Fabriqu\u00e9 en Allemagne<br \/>\nDimensions ext\u00e9rieures (L x P x H) : env. 580 x 417 x 160 mm<br \/>\nPoids : env. 5 kg<\/p>\n","protected":false},"excerpt":{"rendered":"<p>Un \u00e9tui con\u00e7u sp\u00e9cifiquement pour le Fractal FM9, \u00e9galement utilisable comme \u00e9tui pour p\u00e9dales. L&rsquo;arri\u00e8re est dot\u00e9 d&rsquo;une ouverture de<\/p>\n","protected":false},"featured_media":266881,"template":"","meta":{"_acf_changed":false},"product_brand":[],"product_cat":[16365],"product_tag":[],"class_list":{"0":"post-266883","1":"product","2":"type-product","3":"status-publish","4":"has-post-thumbnail","6":"product_cat-pedalcase-fr","8":"first","9":"instock","10":"taxable","11":"shipping-taxable","12":"purchasable","13":"product-type-simple"},"acf":[],"_links":{"self":[{"href":"https:\/\/megacase.com\/fr\/wp-json\/wp\/v2\/product\/266883","targetHints":{"allow":["GET"]}}],"collection":[{"href":"https:\/\/megacase.com\/fr\/wp-json\/wp\/v2\/product"}],"about":[{"href":"https:\/\/megacase.com\/fr\/wp-json\/wp\/v2\/types\/product"}],"wp:featuredmedia":[{"embeddable":true,"href":"https:\/\/megacase.com\/fr\/wp-json\/wp\/v2\/media\/266881"}],"wp:attachment":[{"href":"https:\/\/megacase.com\/fr\/wp-json\/wp\/v2\/media?parent=266883"}],"wp:term":[{"taxonomy":"product_brand","embeddable":true,"href":"https:\/\/megacase.com\/fr\/wp-json\/wp\/v2\/product_brand?post=266883"},{"taxonomy":"product_cat","embeddable":true,"href":"https:\/\/megacase.com\/fr\/wp-json\/wp\/v2\/product_cat?post=266883"},{"taxonomy":"product_tag","embeddable":true,"href":"https:\/\/megacase.com\/fr\/wp-json\/wp\/v2\/product_tag?post=266883"}],"curies":[{"name":"wp","href":"https:\/\/api.w.org\/{rel}","templated":true}]}}