{"id":266527,"date":"2024-05-02T08:55:17","date_gmt":"2024-05-02T06:55:17","guid":{"rendered":"https:\/\/megacase.com\/product\/flip-down-case-midas-m32-live\/"},"modified":"2026-03-26T13:47:44","modified_gmt":"2026-03-26T12:47:44","slug":"flip-down-case-midas-m32-live","status":"publish","type":"product","link":"https:\/\/megacase.com\/fr\/produit\/flip-down-case-midas-m32-live\/","title":{"rendered":"Flip Down Case Midas M32 Live"},"content":{"rendered":"<p>\u00c9tui \u00e0 rabat noir de qualit\u00e9 sup\u00e9rieure avec panneaux lat\u00e9raux pour un Midas M32 ;<br \/>\nApr\u00e8s ouverture, le m\u00e9langeur (peut rester fixe et mont\u00e9 dans le bo\u00eetier) est doucement soulev\u00e9 en position de travail \u00e0 l&rsquo;aide de v\u00e9rins \u00e0 gaz.<br \/>\nen bois multiplex de 9 mm,<br \/>\nLa couleur noire;<br \/>\nChant en aluminium 35&#215;35 mm,<br \/>\n4 grands fermoirs papillon<br \/>\n8 poign\u00e9es pliantes grandes,<br \/>\n12 coins en L<br \/>\n2 poign\u00e9es d&rsquo;installation sur bord<br \/>\n8 coins de boule<br \/>\n1 bac d&rsquo;installation Tourlabel<br \/>\n3 charni\u00e8res lourdes 80&#215;120 mm<br \/>\n2 fermetures \u00e0 barre (compartiments avant)<br \/>\n4 charni\u00e8res \u00e0 visser, argent<br \/>\n4 roulettes pivotantes 100 mm dont 2 avec frein<br \/>\n1 planche \u00e0 roulettes<br \/>\nRembourrage en mousse<br \/>\nbandes feutr\u00e9es<br \/>\n2 panneaux lat\u00e9raux adapt\u00e9s au Midas M32<br \/>\nvis de verrouillage<br \/>\n2 sorties de c\u00e2bles dans le dockhouse<br \/>\n4 fraisages pour sorties de c\u00e2bles<br \/>\n2 ressorts \u00e0 gaz<br \/>\n4 \u00e9cluses de quai, dont une verrouillable<br \/>\nDimensions ext\u00e9rieures : LxPxH 1100x542x1053 mm<br \/>\nPoids : environ 84 kg<br \/>\nFabriqu\u00e9 en Allemagne<\/p>\n","protected":false},"excerpt":{"rendered":"<p>\u00c9tui \u00e0 rabat noir de qualit\u00e9 sup\u00e9rieure avec panneaux lat\u00e9raux pour un Midas M32 ; Apr\u00e8s ouverture, le m\u00e9langeur (peut<\/p>\n","protected":false},"featured_media":266472,"template":"","meta":{"_acf_changed":false},"product_brand":[],"product_cat":[13828],"product_tag":[],"class_list":{"0":"post-266527","1":"product","2":"type-product","3":"status-publish","4":"has-post-thumbnail","6":"product_cat-mischpult-cases-fr","8":"first","9":"instock","10":"taxable","11":"shipping-taxable","12":"purchasable","13":"product-type-simple"},"acf":[],"_links":{"self":[{"href":"https:\/\/megacase.com\/fr\/wp-json\/wp\/v2\/product\/266527","targetHints":{"allow":["GET"]}}],"collection":[{"href":"https:\/\/megacase.com\/fr\/wp-json\/wp\/v2\/product"}],"about":[{"href":"https:\/\/megacase.com\/fr\/wp-json\/wp\/v2\/types\/product"}],"wp:featuredmedia":[{"embeddable":true,"href":"https:\/\/megacase.com\/fr\/wp-json\/wp\/v2\/media\/266472"}],"wp:attachment":[{"href":"https:\/\/megacase.com\/fr\/wp-json\/wp\/v2\/media?parent=266527"}],"wp:term":[{"taxonomy":"product_brand","embeddable":true,"href":"https:\/\/megacase.com\/fr\/wp-json\/wp\/v2\/product_brand?post=266527"},{"taxonomy":"product_cat","embeddable":true,"href":"https:\/\/megacase.com\/fr\/wp-json\/wp\/v2\/product_cat?post=266527"},{"taxonomy":"product_tag","embeddable":true,"href":"https:\/\/megacase.com\/fr\/wp-json\/wp\/v2\/product_tag?post=266527"}],"curies":[{"name":"wp","href":"https:\/\/api.w.org\/{rel}","templated":true}]}}