{"id":266047,"date":"2024-04-26T12:58:04","date_gmt":"2024-04-26T10:58:04","guid":{"rendered":"https:\/\/megacase.com\/product\/custom-pedal-case-g66-eu-orange-620x320x100mm-fractal-fm3\/"},"modified":"2026-03-26T13:47:45","modified_gmt":"2026-03-26T12:47:45","slug":"custom-pedal-case-g66-eu-orange-620x320x100mm-fractal-fm3","status":"publish","type":"product","link":"https:\/\/megacase.com\/fr\/produit\/custom-pedal-case-g66-eu-orange-620x320x100mm-fractal-fm3\/","title":{"rendered":"Pedal Case G66.eu Fractal FM3 + 2x EV1 \/ EV2"},"content":{"rendered":"<p>Compatible avec le Fractal FM3 et deux p\u00e9dales d&rsquo;expression (EV-1 ou EV-2). Les appareils se fixent solidement sur l&rsquo;\u00e9tag\u00e8re int\u00e9gr\u00e9e gr\u00e2ce aux visseries fournies.<\/p>\n<p>Capot<br \/>\n6,8 mm multiplex orange RAL 2008<br \/>\nLogo imprim\u00e9 G66<br \/>\nBordure en aluminium 22\/22<br \/>\n4 coins en L moyen<br \/>\n4 mini papillons<br \/>\n1 poign\u00e9e en cuir<br \/>\n4 petits coins boules<br \/>\nCoin 4 boules petit coin en L<br \/>\n4 pieds en caoutchouc 38&#215;10 mm<br \/>\nPlaque de montage 9 mm brun ph\u00e9nol<br \/>\nMousse<br \/>\nFabriqu\u00e9 en Allemagne<\/p>\n<p><span class=\"HwtZe\" lang=\"fr\"><span class=\"jCAhz ChMk0b\"><span class=\"ryNqvb\">Dimensions ext\u00e9rieures : LxPxH 680 x 435 x 197 mm<\/span><\/span> <\/span><\/p>\n<p><span class=\"HwtZe\" lang=\"fr\"><span class=\"jCAhz ChMk0b\"><span class=\"ryNqvb\">Poids sans appareils : 7 kg<\/span><\/span> <\/span><\/p>\n<p><span class=\"HwtZe\" lang=\"fr\"><span class=\"jCAhz ChMk0b\"><span class=\"ryNqvb\">(Appareils non inclus)<\/span><\/span><\/span><\/p>\n","protected":false},"excerpt":{"rendered":"<p>Compatible avec le Fractal FM3 et deux p\u00e9dales d&rsquo;expression (EV-1 ou EV-2). Les appareils se fixent solidement sur l&rsquo;\u00e9tag\u00e8re int\u00e9gr\u00e9e<\/p>\n","protected":false},"featured_media":266286,"template":"","meta":{"_acf_changed":false},"product_brand":[],"product_cat":[16365],"product_tag":[],"class_list":{"0":"post-266047","1":"product","2":"type-product","3":"status-publish","4":"has-post-thumbnail","6":"product_cat-pedalcase-fr","8":"first","9":"instock","10":"taxable","11":"shipping-taxable","12":"purchasable","13":"product-type-simple"},"acf":[],"_links":{"self":[{"href":"https:\/\/megacase.com\/fr\/wp-json\/wp\/v2\/product\/266047","targetHints":{"allow":["GET"]}}],"collection":[{"href":"https:\/\/megacase.com\/fr\/wp-json\/wp\/v2\/product"}],"about":[{"href":"https:\/\/megacase.com\/fr\/wp-json\/wp\/v2\/types\/product"}],"wp:featuredmedia":[{"embeddable":true,"href":"https:\/\/megacase.com\/fr\/wp-json\/wp\/v2\/media\/266286"}],"wp:attachment":[{"href":"https:\/\/megacase.com\/fr\/wp-json\/wp\/v2\/media?parent=266047"}],"wp:term":[{"taxonomy":"product_brand","embeddable":true,"href":"https:\/\/megacase.com\/fr\/wp-json\/wp\/v2\/product_brand?post=266047"},{"taxonomy":"product_cat","embeddable":true,"href":"https:\/\/megacase.com\/fr\/wp-json\/wp\/v2\/product_cat?post=266047"},{"taxonomy":"product_tag","embeddable":true,"href":"https:\/\/megacase.com\/fr\/wp-json\/wp\/v2\/product_tag?post=266047"}],"curies":[{"name":"wp","href":"https:\/\/api.w.org\/{rel}","templated":true}]}}