{"id":266042,"date":"2024-04-26T12:40:27","date_gmt":"2024-04-26T10:40:27","guid":{"rendered":"https:\/\/megacase.com\/product\/custom-pedal-case-g66-eu-orange-820x320x100mm-fractal-fm9\/"},"modified":"2026-03-26T13:47:45","modified_gmt":"2026-03-26T12:47:45","slug":"custom-pedal-case-g66-eu-orange-820x320x100mm-fractal-fm9","status":"publish","type":"product","link":"https:\/\/megacase.com\/fr\/produit\/custom-pedal-case-g66-eu-orange-820x320x100mm-fractal-fm9\/","title":{"rendered":"Pedal Case G66.eu Fractal FM9 + 2x EV1 \/ EV2"},"content":{"rendered":"<p>Le bo\u00eetier pour p\u00e9dales G66.eu, avec ses dimensions internes g\u00e9n\u00e9reuses de 820 \u00d7 320 \u00d7 100 mm, est parfaitement adapt\u00e9 aux p\u00e9dales Fractal FM9 ou FC12 MK II, associ\u00e9es \u00e0 deux p\u00e9dales d&rsquo;expression (EV-1 ou EV-2). Gr\u00e2ce \u00e0 sa base robuste, tous les appareils peuvent \u00eatre solidement fix\u00e9s par vissage \u2013 les vis n\u00e9cessaires sont bien entendu fournies.<\/p>\n<p>Caract\u00e9ristiques\u00a0:<br \/>\nPanneau orange multiplex 6,8 mm (RAL 2008)<br \/>\nImpression du logo G66<br \/>\nCh\u00e2ssis en aluminium 22\/22<br \/>\n4 \u00e9querres d&rsquo;angle moyennes en L<br \/>\n4 mini-\u00e9querres papillon<br \/>\n1 poign\u00e9e en cuir<br \/>\n4 petites \u00e9querres d&rsquo;angle \u00e0 bille<br \/>\n4 petites \u00e9querres d&rsquo;angle \u00e0 bille en L<br \/>\n6 pieds en caoutchouc (38 x 10 mm)<br \/>\nPlaque de montage ph\u00e9nolique marron 9 mm<br \/>\nMousse<br \/>\nFabriqu\u00e9 en Allemagne<\/p>\n<p>Dimensions ext\u00e9rieures\u00a0: L x P x H 910 x 435 x 197 mm<br \/>\nPoids sans appareils\u00a0: 8,8 kg<\/p>\n<p>(Appareils non inclus)<\/p>\n","protected":false},"excerpt":{"rendered":"<p>Le bo\u00eetier pour p\u00e9dales G66.eu, avec ses dimensions internes g\u00e9n\u00e9reuses de 820 \u00d7 320 \u00d7 100 mm, est parfaitement adapt\u00e9<\/p>\n","protected":false},"featured_media":266178,"template":"","meta":{"_acf_changed":false},"product_brand":[],"product_cat":[16365],"product_tag":[],"class_list":{"0":"post-266042","1":"product","2":"type-product","3":"status-publish","4":"has-post-thumbnail","6":"product_cat-pedalcase-fr","8":"first","9":"instock","10":"taxable","11":"shipping-taxable","12":"purchasable","13":"product-type-simple"},"acf":[],"_links":{"self":[{"href":"https:\/\/megacase.com\/fr\/wp-json\/wp\/v2\/product\/266042","targetHints":{"allow":["GET"]}}],"collection":[{"href":"https:\/\/megacase.com\/fr\/wp-json\/wp\/v2\/product"}],"about":[{"href":"https:\/\/megacase.com\/fr\/wp-json\/wp\/v2\/types\/product"}],"wp:featuredmedia":[{"embeddable":true,"href":"https:\/\/megacase.com\/fr\/wp-json\/wp\/v2\/media\/266178"}],"wp:attachment":[{"href":"https:\/\/megacase.com\/fr\/wp-json\/wp\/v2\/media?parent=266042"}],"wp:term":[{"taxonomy":"product_brand","embeddable":true,"href":"https:\/\/megacase.com\/fr\/wp-json\/wp\/v2\/product_brand?post=266042"},{"taxonomy":"product_cat","embeddable":true,"href":"https:\/\/megacase.com\/fr\/wp-json\/wp\/v2\/product_cat?post=266042"},{"taxonomy":"product_tag","embeddable":true,"href":"https:\/\/megacase.com\/fr\/wp-json\/wp\/v2\/product_tag?post=266042"}],"curies":[{"name":"wp","href":"https:\/\/api.w.org\/{rel}","templated":true}]}}