{"id":265495,"date":"2024-04-02T11:34:24","date_gmt":"2024-04-02T09:34:24","guid":{"rendered":"https:\/\/megacase.com\/product\/drawercase-sd0904-a\/"},"modified":"2026-03-26T13:47:46","modified_gmt":"2026-03-26T12:47:46","slug":"drawercase-sd0904-a","status":"publish","type":"product","link":"https:\/\/megacase.com\/fr\/produit\/drawercase-sd0904-a\/","title":{"rendered":"Drawercase SD0904\/A"},"content":{"rendered":"<p>Compos\u00e9 de 4 tiroirs<br \/>\nEn multiplex de 9 mm rev\u00eatu<br \/>\nCorni\u00e8res en aluminium profil\u00e9 30 x 30 mm<br \/>\n4 fermetures type papillon V4<br \/>\n4 poign\u00e9es rabattables<br \/>\nCoins \u00e0 boule<br \/>\n4 roulettes pivotantes dont 2 avec freins<br \/>\nCapacit\u00e9 de charge max.: 460 kg<br \/>\n1 charni\u00e8re type piano \u00e0 gauche<br \/>\nTiroirs avec fermetures Soft-Close<br \/>\nLargeur utile des tiroirs: 515 mm<br \/>\nProfondeur utile des tiroirs: 420 mm<br \/>\nHauteurs utiles des tiroirs: 75, 75, 100, 250 mm<br \/>\nPoign\u00e9es des tiroirs en acier inoxydable bross\u00e9<br \/>\nDimensions ext\u00e9rieures: env. 907 x 600 x 600 mm<br \/>\nPoids: env. 61 kg<br \/>\nCouleur: Noir<br \/>\nFabriqu\u00e9 en Allemagne<\/p>\n","protected":false},"excerpt":{"rendered":"<p>Compos\u00e9 de 4 tiroirs En multiplex de 9 mm rev\u00eatu Corni\u00e8res en aluminium profil\u00e9 30 x 30 mm 4 fermetures<\/p>\n","protected":false},"featured_media":265464,"template":"","meta":{"_acf_changed":false},"product_brand":[],"product_cat":[13755],"product_tag":[],"class_list":{"0":"post-265495","1":"product","2":"type-product","3":"status-publish","4":"has-post-thumbnail","6":"product_cat-universal-flightcases-fr","8":"first","9":"instock","10":"taxable","11":"shipping-taxable","12":"purchasable","13":"product-type-simple"},"acf":[],"_links":{"self":[{"href":"https:\/\/megacase.com\/fr\/wp-json\/wp\/v2\/product\/265495","targetHints":{"allow":["GET"]}}],"collection":[{"href":"https:\/\/megacase.com\/fr\/wp-json\/wp\/v2\/product"}],"about":[{"href":"https:\/\/megacase.com\/fr\/wp-json\/wp\/v2\/types\/product"}],"wp:featuredmedia":[{"embeddable":true,"href":"https:\/\/megacase.com\/fr\/wp-json\/wp\/v2\/media\/265464"}],"wp:attachment":[{"href":"https:\/\/megacase.com\/fr\/wp-json\/wp\/v2\/media?parent=265495"}],"wp:term":[{"taxonomy":"product_brand","embeddable":true,"href":"https:\/\/megacase.com\/fr\/wp-json\/wp\/v2\/product_brand?post=265495"},{"taxonomy":"product_cat","embeddable":true,"href":"https:\/\/megacase.com\/fr\/wp-json\/wp\/v2\/product_cat?post=265495"},{"taxonomy":"product_tag","embeddable":true,"href":"https:\/\/megacase.com\/fr\/wp-json\/wp\/v2\/product_tag?post=265495"}],"curies":[{"name":"wp","href":"https:\/\/api.w.org\/{rel}","templated":true}]}}