{"id":265322,"date":"2024-04-02T11:20:27","date_gmt":"2024-04-02T09:20:27","guid":{"rendered":"https:\/\/megacase.com\/product\/drawercase-l0903-a\/"},"modified":"2026-03-26T13:47:47","modified_gmt":"2026-03-26T12:47:47","slug":"drawercase-l0903-a","status":"publish","type":"product","link":"https:\/\/megacase.com\/fr\/produit\/drawercase-l0903-a\/","title":{"rendered":"Drawercase L0903\/A"},"content":{"rendered":"<p>Compos\u00e9 de 3 tiroirs<br \/>\n2 couvercles (face avant et sup\u00e9rieure)<br \/>\nEtag\u00e8re supp\u00e9rieure<br \/>\nEn multiplex de 9 mm rev\u00eatu<br \/>\nCorni\u00e8res en aluminium profil\u00e9 30 x 30 mm<br \/>\n6 fermetures type papillon<br \/>\n1 dispositif de retenue du couvercle au milieu de la coque avec Klick-Stop<br \/>\n4 poign\u00e9es rabattables<br \/>\nCoins \u00e0 boule<br \/>\n4 roulettes pivotantes dont 2 avec freins<br \/>\nCapacit\u00e9 de charge max.: 460 kg<br \/>\nTiroirs avec fermetures Soft-Close<br \/>\nLargeur utile des tiroirs: 515 mm<br \/>\nProfondeur utile des tiroirs: 420 mm<br \/>\nHauteurs utiles des tiroirs: 75, 100, 250 mm<br \/>\nPoign\u00e9es des tiroirs en acier inoxydable bross\u00e9<br \/>\nDimensions ext\u00e9rieures (L x P x H): env. 907 x 600 x 600 mm<br \/>\nPoids: env. 58,5 kg<br \/>\nCouleur: Noir<br \/>\nFabriqu\u00e9 en Allemagne<\/p>\n","protected":false},"excerpt":{"rendered":"<p>Compos\u00e9 de 3 tiroirs 2 couvercles (face avant et sup\u00e9rieure) Etag\u00e8re supp\u00e9rieure En multiplex de 9 mm rev\u00eatu Corni\u00e8res en<\/p>\n","protected":false},"featured_media":265311,"template":"","meta":{"_acf_changed":false},"product_brand":[],"product_cat":[13755],"product_tag":[],"class_list":{"0":"post-265322","1":"product","2":"type-product","3":"status-publish","4":"has-post-thumbnail","6":"product_cat-universal-flightcases-fr","8":"first","9":"instock","10":"taxable","11":"shipping-taxable","12":"purchasable","13":"product-type-simple"},"acf":[],"_links":{"self":[{"href":"https:\/\/megacase.com\/fr\/wp-json\/wp\/v2\/product\/265322","targetHints":{"allow":["GET"]}}],"collection":[{"href":"https:\/\/megacase.com\/fr\/wp-json\/wp\/v2\/product"}],"about":[{"href":"https:\/\/megacase.com\/fr\/wp-json\/wp\/v2\/types\/product"}],"wp:featuredmedia":[{"embeddable":true,"href":"https:\/\/megacase.com\/fr\/wp-json\/wp\/v2\/media\/265311"}],"wp:attachment":[{"href":"https:\/\/megacase.com\/fr\/wp-json\/wp\/v2\/media?parent=265322"}],"wp:term":[{"taxonomy":"product_brand","embeddable":true,"href":"https:\/\/megacase.com\/fr\/wp-json\/wp\/v2\/product_brand?post=265322"},{"taxonomy":"product_cat","embeddable":true,"href":"https:\/\/megacase.com\/fr\/wp-json\/wp\/v2\/product_cat?post=265322"},{"taxonomy":"product_tag","embeddable":true,"href":"https:\/\/megacase.com\/fr\/wp-json\/wp\/v2\/product_tag?post=265322"}],"curies":[{"name":"wp","href":"https:\/\/api.w.org\/{rel}","templated":true}]}}