{"id":264999,"date":"2024-03-19T09:22:36","date_gmt":"2024-03-19T08:22:36","guid":{"rendered":"https:\/\/megacase.com\/product\/rack-8u-50-profi-shockmount\/"},"modified":"2026-03-26T13:36:27","modified_gmt":"2026-03-26T12:36:27","slug":"rack-8u-50-profi-shockmount","status":"publish","type":"product","link":"https:\/\/megacase.com\/fr\/produit\/rack-8u-50-profi-shockmount\/","title":{"rendered":"Rack 8U 50 Profi Shockmount"},"content":{"rendered":"<p>Profondeur utile entre les rails: 500 mm<br \/>\n2 couvercles<br \/>\nEn multiplex de 9 mm<br \/>\nRev\u00eatement ext\u00e9rieur noir<br \/>\nCorni\u00e8res en aluminium profil\u00e9 30 x 30 mm<br \/>\n4 fermetures type papillon<br \/>\n4 poign\u00e9es rabattables<br \/>\nCoins \u00e0 boule<br \/>\nRails de fixation type glissi\u00e8re \u00e0 l&rsquo;avant et \u00e0 l&rsquo;arri\u00e8re<br \/>\nVis de fixation incl.<br \/>\nChaque rail est suspendu par 4 tampons en caoutchouc \u00e9quip\u00e9s de ressorts<br \/>\n4 roulettes pivotantes de 100 mm dont 2 avec freins (charge max. 450 kg)<br \/>\nDimensions ext\u00e9rieures (L x P x H): env. 622 x 684 x 608 mm<br \/>\nPoids: env. 32,7 kg<br \/>\nFabriqu\u00e9 en Allemagne<\/p>\n","protected":false},"excerpt":{"rendered":"<p>Profondeur utile entre les rails: 500 mm 2 couvercles En multiplex de 9 mm Rev\u00eatement ext\u00e9rieur noir Corni\u00e8res en aluminium<\/p>\n","protected":false},"featured_media":264972,"template":"","meta":{"_acf_changed":false},"product_brand":[],"product_cat":[13593],"product_tag":[],"class_list":{"0":"post-264999","1":"product","2":"type-product","3":"status-publish","4":"has-post-thumbnail","6":"product_cat-racks-fr","8":"first","9":"instock","10":"taxable","11":"shipping-taxable","12":"purchasable","13":"product-type-simple"},"acf":[],"_links":{"self":[{"href":"https:\/\/megacase.com\/fr\/wp-json\/wp\/v2\/product\/264999","targetHints":{"allow":["GET"]}}],"collection":[{"href":"https:\/\/megacase.com\/fr\/wp-json\/wp\/v2\/product"}],"about":[{"href":"https:\/\/megacase.com\/fr\/wp-json\/wp\/v2\/types\/product"}],"wp:featuredmedia":[{"embeddable":true,"href":"https:\/\/megacase.com\/fr\/wp-json\/wp\/v2\/media\/264972"}],"wp:attachment":[{"href":"https:\/\/megacase.com\/fr\/wp-json\/wp\/v2\/media?parent=264999"}],"wp:term":[{"taxonomy":"product_brand","embeddable":true,"href":"https:\/\/megacase.com\/fr\/wp-json\/wp\/v2\/product_brand?post=264999"},{"taxonomy":"product_cat","embeddable":true,"href":"https:\/\/megacase.com\/fr\/wp-json\/wp\/v2\/product_cat?post=264999"},{"taxonomy":"product_tag","embeddable":true,"href":"https:\/\/megacase.com\/fr\/wp-json\/wp\/v2\/product_tag?post=264999"}],"curies":[{"name":"wp","href":"https:\/\/api.w.org\/{rel}","templated":true}]}}