{"id":264677,"date":"2024-03-08T07:09:20","date_gmt":"2024-03-08T06:09:20","guid":{"rendered":"https:\/\/megacase.com\/product\/pedalcase-kemper-profile-player-ep1\/"},"modified":"2026-03-26T13:36:27","modified_gmt":"2026-03-26T12:36:27","slug":"pedalcase-kemper-profile-player-ep1","status":"publish","type":"product","link":"https:\/\/megacase.com\/fr\/produit\/pedalcase-kemper-profile-player-ep1\/","title":{"rendered":"\u00c9tui pour p\u00e9dales Kemper Profiler Player + EP1"},"content":{"rendered":"<p>\u00c9tui compatible avec le Kemper Profiler Player + Mission Engineering EP1<br \/>\navec un passage de c\u00e2ble de 10 cm \u00e0 l&rsquo;arri\u00e8re de l&rsquo;appareil.<\/p>\n<p>L&rsquo;appareil peut \u00eatre utilis\u00e9 dans l&rsquo;\u00e9tui.<\/p>\n<p>Contreplaqu\u00e9 ph\u00e9nolique marron de 6,8 mm<br \/>\nBordure en aluminium de 22 x 22 mm<br \/>\n4 coins moyens en L<br \/>\n2 mini coins papillon<br \/>\n1 poign\u00e9e<br \/>\n4 petits coins boule<br \/>\n4 petits coins boule avec coins en L<br \/>\n4 pieds en caoutchouc<br \/>\nRembourrage en mousse<\/p>\n<p>Fabriqu\u00e9 en Allemagne<br \/>\nDimensions ext\u00e9rieures L x P x H : 352 x 320 x 152 mm<br \/>\nPoids : 3,3 kg<\/p>\n","protected":false},"excerpt":{"rendered":"<p>\u00c9tui compatible avec le Kemper Profiler Player + Mission Engineering EP1 avec un passage de c\u00e2ble de 10 cm \u00e0<\/p>\n","protected":false},"featured_media":264887,"template":"","meta":{"_acf_changed":false},"product_brand":[],"product_cat":[16365],"product_tag":[],"class_list":{"0":"post-264677","1":"product","2":"type-product","3":"status-publish","4":"has-post-thumbnail","6":"product_cat-pedalcase-fr","8":"first","9":"instock","10":"taxable","11":"shipping-taxable","12":"purchasable","13":"product-type-simple"},"acf":[],"_links":{"self":[{"href":"https:\/\/megacase.com\/fr\/wp-json\/wp\/v2\/product\/264677","targetHints":{"allow":["GET"]}}],"collection":[{"href":"https:\/\/megacase.com\/fr\/wp-json\/wp\/v2\/product"}],"about":[{"href":"https:\/\/megacase.com\/fr\/wp-json\/wp\/v2\/types\/product"}],"wp:featuredmedia":[{"embeddable":true,"href":"https:\/\/megacase.com\/fr\/wp-json\/wp\/v2\/media\/264887"}],"wp:attachment":[{"href":"https:\/\/megacase.com\/fr\/wp-json\/wp\/v2\/media?parent=264677"}],"wp:term":[{"taxonomy":"product_brand","embeddable":true,"href":"https:\/\/megacase.com\/fr\/wp-json\/wp\/v2\/product_brand?post=264677"},{"taxonomy":"product_cat","embeddable":true,"href":"https:\/\/megacase.com\/fr\/wp-json\/wp\/v2\/product_cat?post=264677"},{"taxonomy":"product_tag","embeddable":true,"href":"https:\/\/megacase.com\/fr\/wp-json\/wp\/v2\/product_tag?post=264677"}],"curies":[{"name":"wp","href":"https:\/\/api.w.org\/{rel}","templated":true}]}}