{"id":264673,"date":"2024-03-08T07:06:52","date_gmt":"2024-03-08T06:06:52","guid":{"rendered":"https:\/\/megacase.com\/?post_type=product&#038;p=264673"},"modified":"2026-03-26T13:36:27","modified_gmt":"2026-03-26T12:36:27","slug":"pedalcase-kemper-profile-player","status":"publish","type":"product","link":"https:\/\/megacase.com\/fr\/produit\/pedalcase-kemper-profile-player\/","title":{"rendered":"\u00c9tui pour p\u00e9dale Kemper Profiler Player"},"content":{"rendered":"<p>\u00c9tui adapt\u00e9 au Kemper Profiler Player<br \/>\navec passe-c\u00e2ble de 10 cm \u00e0 l&rsquo;arri\u00e8re de l&rsquo;appareil.<\/p>\n<p>L&rsquo;appareil peut \u00eatre utilis\u00e9 dans l&rsquo;\u00e9tui.<\/p>\n<p>Contreplaqu\u00e9 ph\u00e9nolique marron de 6,8 mm<br \/>\nBordure en aluminium de 22 x 22 mm<br \/>\n4 petits coins en L<br \/>\n2 mini coins papillon<br \/>\n1 poign\u00e9e<br \/>\n4 petits coins boule<br \/>\n4 petits coins boule avec coins en L<br \/>\n4 pieds en caoutchouc<br \/>\nRembourrage en mousse<\/p>\n<p>Fabriqu\u00e9 en Allemagne<br \/>\nDimensions ext\u00e9rieures L x P x H : 207 x 306 x 134 mm<br \/>\nPoids : 2,2 kg<\/p>\n","protected":false},"excerpt":{"rendered":"<p>\u00c9tui adapt\u00e9 au Kemper Profiler Player avec passe-c\u00e2ble de 10 cm \u00e0 l&rsquo;arri\u00e8re de l&rsquo;appareil. L&rsquo;appareil peut \u00eatre utilis\u00e9 dans<\/p>\n","protected":false},"featured_media":264871,"template":"","meta":{"_acf_changed":false},"product_brand":[],"product_cat":[16365],"product_tag":[],"class_list":{"0":"post-264673","1":"product","2":"type-product","3":"status-publish","4":"has-post-thumbnail","6":"product_cat-pedalcase-fr","8":"first","9":"instock","10":"taxable","11":"shipping-taxable","12":"purchasable","13":"product-type-simple"},"acf":[],"_links":{"self":[{"href":"https:\/\/megacase.com\/fr\/wp-json\/wp\/v2\/product\/264673","targetHints":{"allow":["GET"]}}],"collection":[{"href":"https:\/\/megacase.com\/fr\/wp-json\/wp\/v2\/product"}],"about":[{"href":"https:\/\/megacase.com\/fr\/wp-json\/wp\/v2\/types\/product"}],"wp:featuredmedia":[{"embeddable":true,"href":"https:\/\/megacase.com\/fr\/wp-json\/wp\/v2\/media\/264871"}],"wp:attachment":[{"href":"https:\/\/megacase.com\/fr\/wp-json\/wp\/v2\/media?parent=264673"}],"wp:term":[{"taxonomy":"product_brand","embeddable":true,"href":"https:\/\/megacase.com\/fr\/wp-json\/wp\/v2\/product_brand?post=264673"},{"taxonomy":"product_cat","embeddable":true,"href":"https:\/\/megacase.com\/fr\/wp-json\/wp\/v2\/product_cat?post=264673"},{"taxonomy":"product_tag","embeddable":true,"href":"https:\/\/megacase.com\/fr\/wp-json\/wp\/v2\/product_tag?post=264673"}],"curies":[{"name":"wp","href":"https:\/\/api.w.org\/{rel}","templated":true}]}}