{"id":264532,"date":"2024-03-07T13:33:46","date_gmt":"2024-03-07T12:33:46","guid":{"rendered":"https:\/\/megacase.com\/product\/flightcase-boss-katana-artist-head-mkii\/"},"modified":"2026-03-26T13:36:28","modified_gmt":"2026-03-26T12:36:28","slug":"flightcase-boss-katana-artist-head-mkii","status":"publish","type":"product","link":"https:\/\/megacase.com\/fr\/produit\/flightcase-boss-katana-artist-head-mkii\/","title":{"rendered":"Flightcase Boss Katana Artist Head MkII"},"content":{"rendered":"<p>Housse de protection assortie pour Boss Katana Artist Head MKII<br \/>\nBrun ph\u00e9nol multiplex 6,8 mm<br \/>\nBordure en aluminium 30\/30<br \/>\nM\u00e9dium d&rsquo;angle 8 L<br \/>\nSuspension moyenne 2 papillons<br \/>\n2 poign\u00e9es rabattables moyennes<br \/>\n8 coins boules moyen<br \/>\nRembourrage en mousse<br \/>\nL&rsquo;appareil peut \u00eatre utilis\u00e9 dans la partie inf\u00e9rieure<br \/>\nFabriqu\u00e9 en Allemagne<br \/>\nDimensions ext\u00e9rieures LxPxH 710 x 305 x 340 mm<br \/>\nPoids : 7,9 kg<\/p>\n","protected":false},"excerpt":{"rendered":"<p>Housse de protection assortie pour Boss Katana Artist Head MKII Brun ph\u00e9nol multiplex 6,8 mm Bordure en aluminium 30\/30 M\u00e9dium<\/p>\n","protected":false},"featured_media":264521,"template":"","meta":{"_acf_changed":false},"product_brand":[],"product_cat":[16364],"product_tag":[],"class_list":{"0":"post-264532","1":"product","2":"type-product","3":"status-publish","4":"has-post-thumbnail","6":"product_cat-cases-fuer-gitarre-und-bass-fr","8":"first","9":"instock","10":"taxable","11":"shipping-taxable","12":"purchasable","13":"product-type-simple"},"acf":[],"_links":{"self":[{"href":"https:\/\/megacase.com\/fr\/wp-json\/wp\/v2\/product\/264532","targetHints":{"allow":["GET"]}}],"collection":[{"href":"https:\/\/megacase.com\/fr\/wp-json\/wp\/v2\/product"}],"about":[{"href":"https:\/\/megacase.com\/fr\/wp-json\/wp\/v2\/types\/product"}],"wp:featuredmedia":[{"embeddable":true,"href":"https:\/\/megacase.com\/fr\/wp-json\/wp\/v2\/media\/264521"}],"wp:attachment":[{"href":"https:\/\/megacase.com\/fr\/wp-json\/wp\/v2\/media?parent=264532"}],"wp:term":[{"taxonomy":"product_brand","embeddable":true,"href":"https:\/\/megacase.com\/fr\/wp-json\/wp\/v2\/product_brand?post=264532"},{"taxonomy":"product_cat","embeddable":true,"href":"https:\/\/megacase.com\/fr\/wp-json\/wp\/v2\/product_cat?post=264532"},{"taxonomy":"product_tag","embeddable":true,"href":"https:\/\/megacase.com\/fr\/wp-json\/wp\/v2\/product_tag?post=264532"}],"curies":[{"name":"wp","href":"https:\/\/api.w.org\/{rel}","templated":true}]}}