{"id":264388,"date":"2024-03-07T13:23:41","date_gmt":"2024-03-07T12:23:41","guid":{"rendered":"https:\/\/megacase.com\/product\/flightcase-wood-clavia-nord-stage-4-88\/"},"modified":"2026-03-26T13:36:29","modified_gmt":"2026-03-26T12:36:29","slug":"flightcase-wood-clavia-nord-stage-4-88","status":"publish","type":"product","link":"https:\/\/megacase.com\/fr\/produit\/flightcase-wood-clavia-nord-stage-4-88\/","title":{"rendered":"Flightcase wood Clavia Nord Stage 4 88"},"content":{"rendered":"<p>Mallette de transport sur mesure pour Clavia Nord Stage 4 88<br \/>\nen multiplex de 6,8 mm,<br \/>\nrev\u00eatement en r\u00e9sine ph\u00e9nolique marron,<br \/>\nChant en aluminium 30&#215;30 mm,<br \/>\nrembourrage en mousse,<br \/>\n2 fermoirs papillon \u00e0 ressort moyen,<br \/>\n2 poign\u00e9es rabattables,<br \/>\n1 anse en cuir,<br \/>\n3 charni\u00e8res verrouillables,<br \/>\n1 fermoir \u00e0 pression avec oeillet,<br \/>\n8 coins \u00e0 billes en acier moyen,<br \/>\nFabriqu\u00e9 en Allemagne<\/p>\n<p>Dimensions ext\u00e9rieures LxPxH 1365 x 460 x 195 mm<br \/>\nPoids : 11,7kg<\/p>\n","protected":false},"excerpt":{"rendered":"<p>Mallette de transport sur mesure pour Clavia Nord Stage 4 88 en multiplex de 6,8 mm, rev\u00eatement en r\u00e9sine ph\u00e9nolique<\/p>\n","protected":false},"featured_media":264385,"template":"","meta":{"_acf_changed":false},"product_brand":[],"product_cat":[13787],"product_tag":[],"class_list":{"0":"post-264388","1":"product","2":"type-product","3":"status-publish","4":"has-post-thumbnail","6":"product_cat-keyboard-cases-fr","8":"first","9":"instock","10":"taxable","11":"shipping-taxable","12":"purchasable","13":"product-type-simple"},"acf":[],"_links":{"self":[{"href":"https:\/\/megacase.com\/fr\/wp-json\/wp\/v2\/product\/264388","targetHints":{"allow":["GET"]}}],"collection":[{"href":"https:\/\/megacase.com\/fr\/wp-json\/wp\/v2\/product"}],"about":[{"href":"https:\/\/megacase.com\/fr\/wp-json\/wp\/v2\/types\/product"}],"wp:featuredmedia":[{"embeddable":true,"href":"https:\/\/megacase.com\/fr\/wp-json\/wp\/v2\/media\/264385"}],"wp:attachment":[{"href":"https:\/\/megacase.com\/fr\/wp-json\/wp\/v2\/media?parent=264388"}],"wp:term":[{"taxonomy":"product_brand","embeddable":true,"href":"https:\/\/megacase.com\/fr\/wp-json\/wp\/v2\/product_brand?post=264388"},{"taxonomy":"product_cat","embeddable":true,"href":"https:\/\/megacase.com\/fr\/wp-json\/wp\/v2\/product_cat?post=264388"},{"taxonomy":"product_tag","embeddable":true,"href":"https:\/\/megacase.com\/fr\/wp-json\/wp\/v2\/product_tag?post=264388"}],"curies":[{"name":"wp","href":"https:\/\/api.w.org\/{rel}","templated":true}]}}