{"id":264240,"date":"2024-03-07T12:37:24","date_gmt":"2024-03-07T11:37:24","guid":{"rendered":"https:\/\/megacase.com\/product\/flightcase-wood-spezial-ni-kontrol-s88-mk3wheel\/"},"modified":"2026-03-26T13:36:30","modified_gmt":"2026-03-26T12:36:30","slug":"flightcase-wood-spezial-ni-kontrol-s88-mk3wheel","status":"publish","type":"product","link":"https:\/\/megacase.com\/fr\/produit\/flightcase-wood-spezial-ni-kontrol-s88-mk3wheel\/","title":{"rendered":"Flightcase wood spezial NI Kontrol S88 MK3+wheel"},"content":{"rendered":"<p>Mallette de transport adapt\u00e9e pour Native Instruments Kontrol S88 MK3,<br \/>\nen bois multiplex recouvert de r\u00e9sine ph\u00e9nolique de 6,8 mm,<br \/>\nChant en aluminium 30&#215;30 mm,<br \/>\n1 anse en cuir,<br \/>\n2 fermetures papillon moyennes,<br \/>\n1 fermoir \u00e0 pression,<br \/>\n3 charni\u00e8res verrouillables,<br \/>\n8 coins boules moyens,<br \/>\nRoulettes d&rsquo;angle avec patins,<br \/>\n2 pieds en plastique,<br \/>\nrembourrage en mousse,<br \/>\nDimensions ext\u00e9rieures LxPxH 1450 x 450 x 190 mm,<br \/>\nPoids : 13,1 kg,<br \/>\nFabriqu\u00e9 en Allemagne.<\/p>\n","protected":false},"excerpt":{"rendered":"<p>Mallette de transport adapt\u00e9e pour Native Instruments Kontrol S88 MK3, en bois multiplex recouvert de r\u00e9sine ph\u00e9nolique de 6,8 mm,<\/p>\n","protected":false},"featured_media":264153,"template":"","meta":{"_acf_changed":false},"product_brand":[],"product_cat":[13787],"product_tag":[],"class_list":{"0":"post-264240","1":"product","2":"type-product","3":"status-publish","4":"has-post-thumbnail","6":"product_cat-keyboard-cases-fr","8":"first","9":"instock","10":"taxable","11":"shipping-taxable","12":"purchasable","13":"product-type-simple"},"acf":[],"_links":{"self":[{"href":"https:\/\/megacase.com\/fr\/wp-json\/wp\/v2\/product\/264240","targetHints":{"allow":["GET"]}}],"collection":[{"href":"https:\/\/megacase.com\/fr\/wp-json\/wp\/v2\/product"}],"about":[{"href":"https:\/\/megacase.com\/fr\/wp-json\/wp\/v2\/types\/product"}],"wp:featuredmedia":[{"embeddable":true,"href":"https:\/\/megacase.com\/fr\/wp-json\/wp\/v2\/media\/264153"}],"wp:attachment":[{"href":"https:\/\/megacase.com\/fr\/wp-json\/wp\/v2\/media?parent=264240"}],"wp:term":[{"taxonomy":"product_brand","embeddable":true,"href":"https:\/\/megacase.com\/fr\/wp-json\/wp\/v2\/product_brand?post=264240"},{"taxonomy":"product_cat","embeddable":true,"href":"https:\/\/megacase.com\/fr\/wp-json\/wp\/v2\/product_cat?post=264240"},{"taxonomy":"product_tag","embeddable":true,"href":"https:\/\/megacase.com\/fr\/wp-json\/wp\/v2\/product_tag?post=264240"}],"curies":[{"name":"wp","href":"https:\/\/api.w.org\/{rel}","templated":true}]}}