{"id":264148,"date":"2024-03-07T12:33:29","date_gmt":"2024-03-07T11:33:29","guid":{"rendered":"https:\/\/megacase.com\/product\/pedalcase-fender-tone-master-pro-ep1\/"},"modified":"2026-03-26T13:36:30","modified_gmt":"2026-03-26T12:36:30","slug":"pedalcase-fender-tone-master-pro-ep1","status":"publish","type":"product","link":"https:\/\/megacase.com\/fr\/produit\/pedalcase-fender-tone-master-pro-ep1\/","title":{"rendered":"Pedalcase Fender Tone Master Pro + EP1"},"content":{"rendered":"<p>\u00c9tui de capot assorti pour un Fender Tone Master Pro + EP1<br \/>\nBrun ph\u00e9nol multiplex 6,8 mm<br \/>\nBordure en aluminium 22\/22<br \/>\n4 coins en L moyen<br \/>\n2 mini papillons<br \/>\n1 poign\u00e9e de valise<br \/>\n4 coins boules petits pli\u00e9s<br \/>\nCoin 4 boules petit coin en L<br \/>\n4 pieds en caoutchouc 38&#215;10 mm<br \/>\nD\u00e9coupe en mousse assortie \u00e0 droite pour p\u00e9dale EP1<br \/>\nRembourrage en mousse<br \/>\nGoulotte de c\u00e2ble de 10 cm<br \/>\nDimensions ext\u00e9rieures : LxPxH 635 x 415 x 160 mm<br \/>\nPoids : 5,6kg<\/p>\n","protected":false},"excerpt":{"rendered":"<p>\u00c9tui de capot assorti pour un Fender Tone Master Pro + EP1 Brun ph\u00e9nol multiplex 6,8 mm Bordure en aluminium<\/p>\n","protected":false},"featured_media":264141,"template":"","meta":{"_acf_changed":false},"product_brand":[],"product_cat":[16365],"product_tag":[],"class_list":{"0":"post-264148","1":"product","2":"type-product","3":"status-publish","4":"has-post-thumbnail","6":"product_cat-pedalcase-fr","8":"first","9":"instock","10":"taxable","11":"shipping-taxable","12":"purchasable","13":"product-type-simple"},"acf":[],"_links":{"self":[{"href":"https:\/\/megacase.com\/fr\/wp-json\/wp\/v2\/product\/264148","targetHints":{"allow":["GET"]}}],"collection":[{"href":"https:\/\/megacase.com\/fr\/wp-json\/wp\/v2\/product"}],"about":[{"href":"https:\/\/megacase.com\/fr\/wp-json\/wp\/v2\/types\/product"}],"wp:featuredmedia":[{"embeddable":true,"href":"https:\/\/megacase.com\/fr\/wp-json\/wp\/v2\/media\/264141"}],"wp:attachment":[{"href":"https:\/\/megacase.com\/fr\/wp-json\/wp\/v2\/media?parent=264148"}],"wp:term":[{"taxonomy":"product_brand","embeddable":true,"href":"https:\/\/megacase.com\/fr\/wp-json\/wp\/v2\/product_brand?post=264148"},{"taxonomy":"product_cat","embeddable":true,"href":"https:\/\/megacase.com\/fr\/wp-json\/wp\/v2\/product_cat?post=264148"},{"taxonomy":"product_tag","embeddable":true,"href":"https:\/\/megacase.com\/fr\/wp-json\/wp\/v2\/product_tag?post=264148"}],"curies":[{"name":"wp","href":"https:\/\/api.w.org\/{rel}","templated":true}]}}