{"id":264090,"date":"2024-03-07T12:26:50","date_gmt":"2024-03-07T11:26:50","guid":{"rendered":"https:\/\/megacase.com\/product\/flightcase-pvc-spezial-behringer-ub-xa\/"},"modified":"2026-03-26T13:36:31","modified_gmt":"2026-03-26T12:36:31","slug":"flightcase-pvc-spezial-behringer-ub-xa","status":"publish","type":"product","link":"https:\/\/megacase.com\/fr\/produit\/flightcase-pvc-spezial-behringer-ub-xa\/","title":{"rendered":"Flightcase PVC spezial Behringer UB-Xa"},"content":{"rendered":"<p>\u00e9tui de transport adapt\u00e9 pour Behringer UB-Xa<br \/>\nplastique alv\u00e9ol\u00e9 de 7 mm<br \/>\ncouleur noire<br \/>\nbord en aluminium de 30&#215;30 mm<br \/>\nRembourrage en mousse<br \/>\n2 fermetures Butterfly \u00e0 ressort moyennes<br \/>\n2 charni\u00e8res de blocage grandes<br \/>\n1 poign\u00e9e en similicuir<br \/>\n8 coins de billes en acier<br \/>\nConstruit en Allemagne<br \/>\nDimensions ext\u00e9rieures LxPxH 1107 x 445 x 170 mm,<br \/>\nPoids 7,2 kg<br \/>\nRemarque : les appareils et instruments illustr\u00e9s ne servent qu&rsquo;\u00e0 des fins<br \/>\net ne font pas partie de l&rsquo;offre.<\/p>\n","protected":false},"excerpt":{"rendered":"<p>\u00e9tui de transport adapt\u00e9 pour Behringer UB-Xa plastique alv\u00e9ol\u00e9 de 7 mm couleur noire bord en aluminium de 30&#215;30 mm<\/p>\n","protected":false},"featured_media":264083,"template":"","meta":{"_acf_changed":false},"product_brand":[],"product_cat":[13787],"product_tag":[],"class_list":{"0":"post-264090","1":"product","2":"type-product","3":"status-publish","4":"has-post-thumbnail","6":"product_cat-keyboard-cases-fr","8":"first","9":"instock","10":"taxable","11":"shipping-taxable","12":"purchasable","13":"product-type-simple"},"acf":[],"_links":{"self":[{"href":"https:\/\/megacase.com\/fr\/wp-json\/wp\/v2\/product\/264090","targetHints":{"allow":["GET"]}}],"collection":[{"href":"https:\/\/megacase.com\/fr\/wp-json\/wp\/v2\/product"}],"about":[{"href":"https:\/\/megacase.com\/fr\/wp-json\/wp\/v2\/types\/product"}],"wp:featuredmedia":[{"embeddable":true,"href":"https:\/\/megacase.com\/fr\/wp-json\/wp\/v2\/media\/264083"}],"wp:attachment":[{"href":"https:\/\/megacase.com\/fr\/wp-json\/wp\/v2\/media?parent=264090"}],"wp:term":[{"taxonomy":"product_brand","embeddable":true,"href":"https:\/\/megacase.com\/fr\/wp-json\/wp\/v2\/product_brand?post=264090"},{"taxonomy":"product_cat","embeddable":true,"href":"https:\/\/megacase.com\/fr\/wp-json\/wp\/v2\/product_cat?post=264090"},{"taxonomy":"product_tag","embeddable":true,"href":"https:\/\/megacase.com\/fr\/wp-json\/wp\/v2\/product_tag?post=264090"}],"curies":[{"name":"wp","href":"https:\/\/api.w.org\/{rel}","templated":true}]}}