{"id":263758,"date":"2024-03-07T11:09:33","date_gmt":"2024-03-07T10:09:33","guid":{"rendered":"https:\/\/megacase.com\/product\/flightcase-wood-spezial-yamaha-genos-2\/"},"modified":"2026-03-26T13:36:32","modified_gmt":"2026-03-26T12:36:32","slug":"flightcase-wood-spezial-yamaha-genos-2","status":"publish","type":"product","link":"https:\/\/megacase.com\/fr\/produit\/flightcase-wood-spezial-yamaha-genos-2\/","title":{"rendered":"Flightcase wood spezial Yamaha Genos 2"},"content":{"rendered":"<p>Etui clavier sp\u00e9cial pour un Yamaha Genos 2<br \/>\nType sp\u00e9cial 76 bois<br \/>\nBois multiplex\u00e9 de 6,8 mm<br \/>\nCouleur brun ph\u00e9nol<br \/>\nBordure en aluminium 30&#215;30 mm<br \/>\n2 fermoirs papillon moyen<br \/>\n1 fermoir \u00e0 pression<br \/>\n2 poign\u00e9es rabattables moyennes<br \/>\n1 poign\u00e9e en cuir synth\u00e9tique de haute qualit\u00e9<br \/>\n8 coins sph\u00e9riques moyens en t\u00f4le d&rsquo;acier galvanis\u00e9e<br \/>\n3 grandes charni\u00e8res verrouillables<br \/>\nRembourrage en mousse dans les parties sup\u00e9rieure et inf\u00e9rieure<br \/>\nDimensions ext\u00e9rieures : LxPxH 1305x555x215 mm<br \/>\nPoids : 13,7kg<br \/>\nFabriqu\u00e9 en Allemagne<\/p>\n","protected":false},"excerpt":{"rendered":"<p>Etui clavier sp\u00e9cial pour un Yamaha Genos 2 Type sp\u00e9cial 76 bois Bois multiplex\u00e9 de 6,8 mm Couleur brun ph\u00e9nol<\/p>\n","protected":false},"featured_media":263707,"template":"","meta":{"_acf_changed":false},"product_brand":[],"product_cat":[13787],"product_tag":[],"class_list":{"0":"post-263758","1":"product","2":"type-product","3":"status-publish","4":"has-post-thumbnail","6":"product_cat-keyboard-cases-fr","8":"first","9":"instock","10":"taxable","11":"shipping-taxable","12":"purchasable","13":"product-type-simple"},"acf":[],"_links":{"self":[{"href":"https:\/\/megacase.com\/fr\/wp-json\/wp\/v2\/product\/263758","targetHints":{"allow":["GET"]}}],"collection":[{"href":"https:\/\/megacase.com\/fr\/wp-json\/wp\/v2\/product"}],"about":[{"href":"https:\/\/megacase.com\/fr\/wp-json\/wp\/v2\/types\/product"}],"wp:featuredmedia":[{"embeddable":true,"href":"https:\/\/megacase.com\/fr\/wp-json\/wp\/v2\/media\/263707"}],"wp:attachment":[{"href":"https:\/\/megacase.com\/fr\/wp-json\/wp\/v2\/media?parent=263758"}],"wp:term":[{"taxonomy":"product_brand","embeddable":true,"href":"https:\/\/megacase.com\/fr\/wp-json\/wp\/v2\/product_brand?post=263758"},{"taxonomy":"product_cat","embeddable":true,"href":"https:\/\/megacase.com\/fr\/wp-json\/wp\/v2\/product_cat?post=263758"},{"taxonomy":"product_tag","embeddable":true,"href":"https:\/\/megacase.com\/fr\/wp-json\/wp\/v2\/product_tag?post=263758"}],"curies":[{"name":"wp","href":"https:\/\/api.w.org\/{rel}","templated":true}]}}