{"id":263694,"date":"2024-03-07T11:05:32","date_gmt":"2024-03-07T10:05:32","guid":{"rendered":"https:\/\/megacase.com\/product\/controller-case-pioneer-flx-10\/"},"modified":"2026-03-26T13:36:33","modified_gmt":"2026-03-26T12:36:33","slug":"controller-case-pioneer-flx-10","status":"publish","type":"product","link":"https:\/\/megacase.com\/fr\/produit\/controller-case-pioneer-flx-10\/","title":{"rendered":"Mallette de rangement contr\u00f4leur Pioneer DDJ FLX 10"},"content":{"rendered":"<p>Mallette de rangement pour contr\u00f4leur Pioneer DDJ FLX 10<br \/>\navec passe-c\u00e2ble de 10 cm \u00e0 l&rsquo;arri\u00e8re de l&rsquo;appareil.<br \/>\nLe contr\u00f4leur est accessible par le dessous.<\/p>\n<p>Contreplaqu\u00e9 ph\u00e9nolique marron de 6,8 mm<br \/>\nBordure en aluminium de 22 x 22 mm<br \/>\n4 coins moyens en L<br \/>\n4 mini-poign\u00e9es papillon<br \/>\n3 poign\u00e9es pliantes \u00e9troites<br \/>\n8 petits coins \u00e0 boule en acier<br \/>\n4 pieds en caoutchouc<br \/>\nRembourrage en mousse sur mesure au niveau de la base et du couvercle<\/p>\n<p>Fabriqu\u00e9 en Allemagne<br \/>\nDimensions ext\u00e9rieures L x P x H : 795 x 545 x 170 mm<br \/>\nPoids : 8,2 kg<\/p>\n","protected":false},"excerpt":{"rendered":"<p>Mallette de rangement pour contr\u00f4leur Pioneer DDJ FLX 10 avec passe-c\u00e2ble de 10 cm \u00e0 l&rsquo;arri\u00e8re de l&rsquo;appareil. Le contr\u00f4leur<\/p>\n","protected":false},"featured_media":263647,"template":"","meta":{"_acf_changed":false},"product_brand":[],"product_cat":[13730],"product_tag":[],"class_list":{"0":"post-263694","1":"product","2":"type-product","3":"status-publish","4":"has-post-thumbnail","6":"product_cat-dj-cases-fr","8":"first","9":"instock","10":"taxable","11":"shipping-taxable","12":"purchasable","13":"product-type-simple"},"acf":[],"_links":{"self":[{"href":"https:\/\/megacase.com\/fr\/wp-json\/wp\/v2\/product\/263694","targetHints":{"allow":["GET"]}}],"collection":[{"href":"https:\/\/megacase.com\/fr\/wp-json\/wp\/v2\/product"}],"about":[{"href":"https:\/\/megacase.com\/fr\/wp-json\/wp\/v2\/types\/product"}],"wp:featuredmedia":[{"embeddable":true,"href":"https:\/\/megacase.com\/fr\/wp-json\/wp\/v2\/media\/263647"}],"wp:attachment":[{"href":"https:\/\/megacase.com\/fr\/wp-json\/wp\/v2\/media?parent=263694"}],"wp:term":[{"taxonomy":"product_brand","embeddable":true,"href":"https:\/\/megacase.com\/fr\/wp-json\/wp\/v2\/product_brand?post=263694"},{"taxonomy":"product_cat","embeddable":true,"href":"https:\/\/megacase.com\/fr\/wp-json\/wp\/v2\/product_cat?post=263694"},{"taxonomy":"product_tag","embeddable":true,"href":"https:\/\/megacase.com\/fr\/wp-json\/wp\/v2\/product_tag?post=263694"}],"curies":[{"name":"wp","href":"https:\/\/api.w.org\/{rel}","templated":true}]}}