{"id":263582,"date":"2024-03-07T10:56:37","date_gmt":"2024-03-07T09:56:37","guid":{"rendered":"https:\/\/megacase.com\/product\/flightcase-ah-cq12t\/"},"modified":"2026-03-26T13:36:34","modified_gmt":"2026-03-26T12:36:34","slug":"flightcase-ah-cq12t","status":"publish","type":"product","link":"https:\/\/megacase.com\/fr\/produit\/flightcase-ah-cq12t\/","title":{"rendered":"Flightcase A&#038;H CQ12T"},"content":{"rendered":"<p>Housse de capot assortie pour un m\u00e9langeur Allen &#038; Heath CQ-12T<br \/>\nen bois multiplex de 6,8 mm<br \/>\nCouleur marron ph\u00e9nolique<br \/>\nBordure en aluminium 22\/22<br \/>\n4 coins en L moyen<br \/>\n2 mini fermoirs papillon<br \/>\n1 poign\u00e9e de valise<br \/>\n4 petits coins boules<br \/>\nCoin 4 boules petit coin en L<br \/>\n4 pieds en caoutchouc 38&#215;10 mm<br \/>\nToutes les connexions librement accessibles<br \/>\nLe m\u00e9langeur peut \u00eatre actionn\u00e9 dans la partie inf\u00e9rieure<br \/>\nRembourrage en mousse<br \/>\nDimensions ext\u00e9rieures LxPxH 364x390x166 mm<br \/>\nPoids : 3,6 kg<br \/>\nFabriqu\u00e9 en Allemagne<\/p>\n","protected":false},"excerpt":{"rendered":"<p>Housse de capot assortie pour un m\u00e9langeur Allen &#038; Heath CQ-12T en bois multiplex de 6,8 mm Couleur marron ph\u00e9nolique<\/p>\n","protected":false},"featured_media":263575,"template":"","meta":{"_acf_changed":false},"product_brand":[],"product_cat":[13730],"product_tag":[],"class_list":{"0":"post-263582","1":"product","2":"type-product","3":"status-publish","4":"has-post-thumbnail","6":"product_cat-dj-cases-fr","8":"first","9":"instock","10":"taxable","11":"shipping-taxable","12":"purchasable","13":"product-type-simple"},"acf":[],"_links":{"self":[{"href":"https:\/\/megacase.com\/fr\/wp-json\/wp\/v2\/product\/263582","targetHints":{"allow":["GET"]}}],"collection":[{"href":"https:\/\/megacase.com\/fr\/wp-json\/wp\/v2\/product"}],"about":[{"href":"https:\/\/megacase.com\/fr\/wp-json\/wp\/v2\/types\/product"}],"wp:featuredmedia":[{"embeddable":true,"href":"https:\/\/megacase.com\/fr\/wp-json\/wp\/v2\/media\/263575"}],"wp:attachment":[{"href":"https:\/\/megacase.com\/fr\/wp-json\/wp\/v2\/media?parent=263582"}],"wp:term":[{"taxonomy":"product_brand","embeddable":true,"href":"https:\/\/megacase.com\/fr\/wp-json\/wp\/v2\/product_brand?post=263582"},{"taxonomy":"product_cat","embeddable":true,"href":"https:\/\/megacase.com\/fr\/wp-json\/wp\/v2\/product_cat?post=263582"},{"taxonomy":"product_tag","embeddable":true,"href":"https:\/\/megacase.com\/fr\/wp-json\/wp\/v2\/product_tag?post=263582"}],"curies":[{"name":"wp","href":"https:\/\/api.w.org\/{rel}","templated":true}]}}