{"id":263456,"date":"2024-03-07T10:46:17","date_gmt":"2024-03-07T09:46:17","guid":{"rendered":"https:\/\/megacase.com\/product\/flightcase-hercules-dj-control-inpulse-t7\/"},"modified":"2026-03-26T13:36:34","modified_gmt":"2026-03-26T12:36:34","slug":"flightcase-hercules-dj-control-inpulse-t7","status":"publish","type":"product","link":"https:\/\/megacase.com\/fr\/produit\/flightcase-hercules-dj-control-inpulse-t7\/","title":{"rendered":"Flightcase Hercules DJ Control Inpulse T7"},"content":{"rendered":"<p>Bo\u00eetier de contr\u00f4leur assorti pour Hercules DJ Control Inpulse T7<br \/>\n6,8 mm multiplex<br \/>\nCouleur : ph\u00e9nol marron<br \/>\nbord en aluminium de 22 x 22 mm<br \/>\n4 fermetures Butterfly<br \/>\n1 poign\u00e9e de valise<br \/>\n4 coins billes d&rsquo;acier petits<br \/>\n4 coins billes d&rsquo;acier petits avec coin en L int\u00e9gr\u00e9<br \/>\n4 pieds en caoutchouc 38&#215;10<br \/>\nRembourrage en mousse<br \/>\nappareil utilisable dans la partie inf\u00e9rieure<br \/>\ntous les raccordements sont libres<br \/>\ncanal pour c\u00e2bles de 8cm derri\u00e8re l&rsquo;appareil<br \/>\nfabriqu\u00e9 en Allemagne<br \/>\ndimensions ext\u00e9rieures : LxPxH 715x458x158 mm<br \/>\npoids : 6,3 kg<\/p>\n","protected":false},"excerpt":{"rendered":"<p>Bo\u00eetier de contr\u00f4leur assorti pour Hercules DJ Control Inpulse T7 6,8 mm multiplex Couleur : ph\u00e9nol marron bord en aluminium<\/p>\n","protected":false},"featured_media":263453,"template":"","meta":{"_acf_changed":false},"product_brand":[],"product_cat":[13730],"product_tag":[],"class_list":{"0":"post-263456","1":"product","2":"type-product","3":"status-publish","4":"has-post-thumbnail","6":"product_cat-dj-cases-fr","8":"first","9":"instock","10":"taxable","11":"shipping-taxable","12":"purchasable","13":"product-type-simple"},"acf":[],"_links":{"self":[{"href":"https:\/\/megacase.com\/fr\/wp-json\/wp\/v2\/product\/263456","targetHints":{"allow":["GET"]}}],"collection":[{"href":"https:\/\/megacase.com\/fr\/wp-json\/wp\/v2\/product"}],"about":[{"href":"https:\/\/megacase.com\/fr\/wp-json\/wp\/v2\/types\/product"}],"wp:featuredmedia":[{"embeddable":true,"href":"https:\/\/megacase.com\/fr\/wp-json\/wp\/v2\/media\/263453"}],"wp:attachment":[{"href":"https:\/\/megacase.com\/fr\/wp-json\/wp\/v2\/media?parent=263456"}],"wp:term":[{"taxonomy":"product_brand","embeddable":true,"href":"https:\/\/megacase.com\/fr\/wp-json\/wp\/v2\/product_brand?post=263456"},{"taxonomy":"product_cat","embeddable":true,"href":"https:\/\/megacase.com\/fr\/wp-json\/wp\/v2\/product_cat?post=263456"},{"taxonomy":"product_tag","embeddable":true,"href":"https:\/\/megacase.com\/fr\/wp-json\/wp\/v2\/product_tag?post=263456"}],"curies":[{"name":"wp","href":"https:\/\/api.w.org\/{rel}","templated":true}]}}