{"id":263298,"date":"2024-03-06T15:54:50","date_gmt":"2024-03-06T14:54:50","guid":{"rendered":"https:\/\/megacase.com\/product\/flightcase-ah-avantis-solo-2\/"},"modified":"2026-03-26T13:36:35","modified_gmt":"2026-03-26T12:36:35","slug":"flightcase-ah-avantis-solo-2","status":"publish","type":"product","link":"https:\/\/megacase.com\/fr\/produit\/flightcase-ah-avantis-solo-2\/","title":{"rendered":"Flightcase A&#038;H Avantis Solo"},"content":{"rendered":"<p>Housse de protection professionnelle pour un Allen &#038; Heath Avantis Solo RG + DH<br \/>\n9mm multiplex noir Ral 9004,<br \/>\nBordure en aluminium 30\/30,<br \/>\n4x coin en L moyen,<br \/>\n4x L coin grand,<br \/>\n6x poign\u00e9e pliante moyenne,<br \/>\n4x Papillon moyen,<br \/>\n8x grands coins boules,<br \/>\n2x barre coulissante,<br \/>\n4x roulettes pivotantes 100mm, 2x frein\u00e9es,<br \/>\nDockhouse de 15 cm de profondeur derri\u00e8re l&rsquo;appareil,<br \/>\nL&rsquo;appareil peut \u00eatre utilis\u00e9 dans la partie inf\u00e9rieure,<br \/>\nrembourrage en mousse,<br \/>\nFabriqu\u00e9 en Allemagne<br \/>\nDimensions ext\u00e9rieures LxPxH 645x1000x375 mm<br \/>\nPoids : 32,2 kg<\/p>\n","protected":false},"excerpt":{"rendered":"<p>Housse de protection professionnelle pour un Allen &#038; Heath Avantis Solo RG + DH 9mm multiplex noir Ral 9004, Bordure<\/p>\n","protected":false},"featured_media":263263,"template":"","meta":{"_acf_changed":false},"product_brand":[],"product_cat":[13828],"product_tag":[],"class_list":{"0":"post-263298","1":"product","2":"type-product","3":"status-publish","4":"has-post-thumbnail","6":"product_cat-mischpult-cases-fr","8":"first","9":"instock","10":"taxable","11":"shipping-taxable","12":"purchasable","13":"product-type-simple"},"acf":[],"_links":{"self":[{"href":"https:\/\/megacase.com\/fr\/wp-json\/wp\/v2\/product\/263298","targetHints":{"allow":["GET"]}}],"collection":[{"href":"https:\/\/megacase.com\/fr\/wp-json\/wp\/v2\/product"}],"about":[{"href":"https:\/\/megacase.com\/fr\/wp-json\/wp\/v2\/types\/product"}],"wp:featuredmedia":[{"embeddable":true,"href":"https:\/\/megacase.com\/fr\/wp-json\/wp\/v2\/media\/263263"}],"wp:attachment":[{"href":"https:\/\/megacase.com\/fr\/wp-json\/wp\/v2\/media?parent=263298"}],"wp:term":[{"taxonomy":"product_brand","embeddable":true,"href":"https:\/\/megacase.com\/fr\/wp-json\/wp\/v2\/product_brand?post=263298"},{"taxonomy":"product_cat","embeddable":true,"href":"https:\/\/megacase.com\/fr\/wp-json\/wp\/v2\/product_cat?post=263298"},{"taxonomy":"product_tag","embeddable":true,"href":"https:\/\/megacase.com\/fr\/wp-json\/wp\/v2\/product_tag?post=263298"}],"curies":[{"name":"wp","href":"https:\/\/api.w.org\/{rel}","templated":true}]}}