{"id":263122,"date":"2024-03-06T15:39:11","date_gmt":"2024-03-06T14:39:11","guid":{"rendered":"https:\/\/megacase.com\/product\/pedalcase-fender-tone-master-pro\/"},"modified":"2026-03-26T13:36:36","modified_gmt":"2026-03-26T12:36:36","slug":"pedalcase-fender-tone-master-pro","status":"publish","type":"product","link":"https:\/\/megacase.com\/fr\/produit\/pedalcase-fender-tone-master-pro\/","title":{"rendered":"Pedalcase Fender Tone Master Pro"},"content":{"rendered":"<p>P\u00e9dalier pour une p\u00e9dale multi-effets Fender Tone Master Pro<br \/>\n6,8 mm multiplex ph\u00e9nol brun<br \/>\n22\/22 bord en aluminium<br \/>\n4 coin en L medium<br \/>\n2 Butterfly mini<br \/>\n1 poign\u00e9e de valise<br \/>\n4 Coin de la boule petit<br \/>\n4 Angle de boule petit angle L<br \/>\n4 Pied en caoutchouc 38&#215;10 mm<br \/>\nMousse<br \/>\nGoulotte de 10 cm derri\u00e8re l&rsquo;appareil,<br \/>\nL&rsquo;appareil peut \u00eatre command\u00e9 dans la partie inf\u00e9rieure<br \/>\nFabriqu\u00e9 en Allemagne<\/p>\n","protected":false},"excerpt":{"rendered":"<p>P\u00e9dalier pour une p\u00e9dale multi-effets Fender Tone Master Pro 6,8 mm multiplex ph\u00e9nol brun 22\/22 bord en aluminium 4 coin<\/p>\n","protected":false},"featured_media":263087,"template":"","meta":{"_acf_changed":false},"product_brand":[],"product_cat":[16365],"product_tag":[],"class_list":{"0":"post-263122","1":"product","2":"type-product","3":"status-publish","4":"has-post-thumbnail","6":"product_cat-pedalcase-fr","8":"first","9":"instock","10":"taxable","11":"shipping-taxable","12":"purchasable","13":"product-type-simple"},"acf":[],"_links":{"self":[{"href":"https:\/\/megacase.com\/fr\/wp-json\/wp\/v2\/product\/263122","targetHints":{"allow":["GET"]}}],"collection":[{"href":"https:\/\/megacase.com\/fr\/wp-json\/wp\/v2\/product"}],"about":[{"href":"https:\/\/megacase.com\/fr\/wp-json\/wp\/v2\/types\/product"}],"wp:featuredmedia":[{"embeddable":true,"href":"https:\/\/megacase.com\/fr\/wp-json\/wp\/v2\/media\/263087"}],"wp:attachment":[{"href":"https:\/\/megacase.com\/fr\/wp-json\/wp\/v2\/media?parent=263122"}],"wp:term":[{"taxonomy":"product_brand","embeddable":true,"href":"https:\/\/megacase.com\/fr\/wp-json\/wp\/v2\/product_brand?post=263122"},{"taxonomy":"product_cat","embeddable":true,"href":"https:\/\/megacase.com\/fr\/wp-json\/wp\/v2\/product_cat?post=263122"},{"taxonomy":"product_tag","embeddable":true,"href":"https:\/\/megacase.com\/fr\/wp-json\/wp\/v2\/product_tag?post=263122"}],"curies":[{"name":"wp","href":"https:\/\/api.w.org\/{rel}","templated":true}]}}