{"id":263034,"date":"2024-03-06T15:35:56","date_gmt":"2024-03-06T14:35:56","guid":{"rendered":"https:\/\/megacase.com\/product\/flightcase-kawai-es-520-920-wheel\/"},"modified":"2026-03-26T13:36:36","modified_gmt":"2026-03-26T12:36:36","slug":"flightcase-kawai-es-520-920-wheel","status":"publish","type":"product","link":"https:\/\/megacase.com\/fr\/produit\/flightcase-kawai-es-520-920-wheel\/","title":{"rendered":"Flightcase Kawai ES-520\/920 + wheel"},"content":{"rendered":"<p>\u00c9tui clavier professionnel pour une utilisation \u00e0 long terme de votre Kawai ES-520\/920<br \/>\nLes composants durables garantissent une utilisation s\u00fbre pendant de nombreuses ann\u00e9es.<br \/>\nLe clavier peut \u00eatre jou\u00e9 directement dans la partie inf\u00e9rieure du bo\u00eetier.<br \/>\nToutes les connexions sont directement accessibles.<br \/>\nGr\u00e2ce aux roulettes d&rsquo;angle, vous pouvez facilement utiliser la valise comme chariot.<br \/>\nen bois multiplex de 6,8 mm<br \/>\nRev\u00eatement en r\u00e9sine ph\u00e9nolique marron<br \/>\nBordure en aluminium 30&#215;30 mm<br \/>\n4 fermoirs papillon<br \/>\n2 poign\u00e9es rabattables moyennes<br \/>\n1 poign\u00e9e pliante attach\u00e9e<br \/>\n6 coins sph\u00e9riques en acier galvanis\u00e9<br \/>\n2 roulettes de pose d&rsquo;angle 48 mm en bas \u00e0 droite<br \/>\n6 pieds en caoutchouc 38&#215;20 mm<br \/>\nRembourrage en mousse<br \/>\nFabriqu\u00e9 en Allemagne<br \/>\nDimensions ext\u00e9rieures LxPxH 1425x450x240 mm<br \/>\nPoids : 14kg<\/p>\n","protected":false},"excerpt":{"rendered":"<p>\u00c9tui clavier professionnel pour une utilisation \u00e0 long terme de votre Kawai ES-520\/920 Les composants durables garantissent une utilisation s\u00fbre<\/p>\n","protected":false},"featured_media":263023,"template":"","meta":{"_acf_changed":false},"product_brand":[],"product_cat":[13787],"product_tag":[],"class_list":{"0":"post-263034","1":"product","2":"type-product","3":"status-publish","4":"has-post-thumbnail","6":"product_cat-keyboard-cases-fr","8":"first","9":"instock","10":"taxable","11":"shipping-taxable","12":"purchasable","13":"product-type-simple"},"acf":[],"_links":{"self":[{"href":"https:\/\/megacase.com\/fr\/wp-json\/wp\/v2\/product\/263034","targetHints":{"allow":["GET"]}}],"collection":[{"href":"https:\/\/megacase.com\/fr\/wp-json\/wp\/v2\/product"}],"about":[{"href":"https:\/\/megacase.com\/fr\/wp-json\/wp\/v2\/types\/product"}],"wp:featuredmedia":[{"embeddable":true,"href":"https:\/\/megacase.com\/fr\/wp-json\/wp\/v2\/media\/263023"}],"wp:attachment":[{"href":"https:\/\/megacase.com\/fr\/wp-json\/wp\/v2\/media?parent=263034"}],"wp:term":[{"taxonomy":"product_brand","embeddable":true,"href":"https:\/\/megacase.com\/fr\/wp-json\/wp\/v2\/product_brand?post=263034"},{"taxonomy":"product_cat","embeddable":true,"href":"https:\/\/megacase.com\/fr\/wp-json\/wp\/v2\/product_cat?post=263034"},{"taxonomy":"product_tag","embeddable":true,"href":"https:\/\/megacase.com\/fr\/wp-json\/wp\/v2\/product_tag?post=263034"}],"curies":[{"name":"wp","href":"https:\/\/api.w.org\/{rel}","templated":true}]}}