{"id":262974,"date":"2024-03-06T15:30:53","date_gmt":"2024-03-06T14:30:53","guid":{"rendered":"https:\/\/megacase.com\/product\/flightcase-ah-cq18t\/"},"modified":"2026-03-26T13:36:36","modified_gmt":"2026-03-26T12:36:36","slug":"flightcase-ah-cq18t","status":"publish","type":"product","link":"https:\/\/megacase.com\/fr\/produit\/flightcase-ah-cq18t\/","title":{"rendered":"Flightcase A&#038;H CQ18T"},"content":{"rendered":"<p>Bo\u00eetier de capot assorti pour une table de mixage num\u00e9rique A&#038;H CQ-18T<br \/>\nMarron ph\u00e9nol multiplex 6,8 mm<br \/>\nBordure en aluminium 22\/22<br \/>\n4x coin en L moyen<br \/>\n1x poign\u00e9e de valise<br \/>\n2x mini-papillon<br \/>\n4x petits coins boule<br \/>\n4x petit coin boule avec coin en L<br \/>\n4x pieds en caoutchouc 38&#215;10,<br \/>\nAm\u00e9nagement int\u00e9rieur<br \/>\nrembourrage en mousse,<br \/>\nGoulotte de c\u00e2bles derri\u00e8re l&rsquo;appareil,<br \/>\nL&rsquo;appareil peut \u00eatre utilis\u00e9 dans la partie inf\u00e9rieure,<br \/>\nFabriqu\u00e9 en Allemagne<br \/>\nDimensions ext\u00e9rieures : LxPxH 410x390x162 mm<br \/>\nPoids : 3,7kg<\/p>\n","protected":false},"excerpt":{"rendered":"<p>Bo\u00eetier de capot assorti pour une table de mixage num\u00e9rique A&#038;H CQ-18T Marron ph\u00e9nol multiplex 6,8 mm Bordure en aluminium<\/p>\n","protected":false},"featured_media":262971,"template":"","meta":{"_acf_changed":false},"product_brand":[],"product_cat":[16391],"product_tag":[],"class_list":{"0":"post-262974","1":"product","2":"type-product","3":"status-publish","4":"has-post-thumbnail","6":"product_cat-recording-cases-fr","8":"first","9":"instock","10":"taxable","11":"shipping-taxable","12":"purchasable","13":"product-type-simple"},"acf":[],"_links":{"self":[{"href":"https:\/\/megacase.com\/fr\/wp-json\/wp\/v2\/product\/262974","targetHints":{"allow":["GET"]}}],"collection":[{"href":"https:\/\/megacase.com\/fr\/wp-json\/wp\/v2\/product"}],"about":[{"href":"https:\/\/megacase.com\/fr\/wp-json\/wp\/v2\/types\/product"}],"wp:featuredmedia":[{"embeddable":true,"href":"https:\/\/megacase.com\/fr\/wp-json\/wp\/v2\/media\/262971"}],"wp:attachment":[{"href":"https:\/\/megacase.com\/fr\/wp-json\/wp\/v2\/media?parent=262974"}],"wp:term":[{"taxonomy":"product_brand","embeddable":true,"href":"https:\/\/megacase.com\/fr\/wp-json\/wp\/v2\/product_brand?post=262974"},{"taxonomy":"product_cat","embeddable":true,"href":"https:\/\/megacase.com\/fr\/wp-json\/wp\/v2\/product_cat?post=262974"},{"taxonomy":"product_tag","embeddable":true,"href":"https:\/\/megacase.com\/fr\/wp-json\/wp\/v2\/product_tag?post=262974"}],"curies":[{"name":"wp","href":"https:\/\/api.w.org\/{rel}","templated":true}]}}