{"id":262875,"date":"2024-03-06T13:26:29","date_gmt":"2024-03-06T12:26:29","guid":{"rendered":"https:\/\/megacase.com\/product\/pedalcase-boss-gm-800\/"},"modified":"2026-03-26T13:36:37","modified_gmt":"2026-03-26T12:36:37","slug":"pedalcase-boss-gm-800","status":"publish","type":"product","link":"https:\/\/megacase.com\/fr\/produit\/pedalcase-boss-gm-800\/","title":{"rendered":"Pedalcase Boss GM-800"},"content":{"rendered":"<p>Housse pour synth\u00e9tiseur de guitare Boss GM-800,<br \/>\nen bois multiplex de 6,8 mm<br \/>\nrecouvert de r\u00e9sine ph\u00e9nolique brune<br \/>\nbord en aluminium de 22&#215;22 mm,<br \/>\n2 fermetures Butterfly \u00e0 ressort petit,<br \/>\n1 poign\u00e9e de valise,<br \/>\n4 coins billes d&rsquo;acier petits,<br \/>\n4 coins billes d&rsquo;acier petits avec angle en L,<br \/>\n4 pieds en caoutchouc 38x10mm,<br \/>\nRembourrage en mousse,<br \/>\nAppareil utilisable dans la partie inf\u00e9rieure,<br \/>\n10cm de passage de c\u00e2ble derri\u00e8re l&rsquo;appareil,<br \/>\nFabriqu\u00e9 en Allemagne<br \/>\nDimensions ext\u00e9rieures LxPxH 306x270x130 mm<br \/>\npoids : 2,6 kg<\/p>\n","protected":false},"excerpt":{"rendered":"<p>Housse pour synth\u00e9tiseur de guitare Boss GM-800, en bois multiplex de 6,8 mm recouvert de r\u00e9sine ph\u00e9nolique brune bord en<\/p>\n","protected":false},"featured_media":262872,"template":"","meta":{"_acf_changed":false},"product_brand":[],"product_cat":[16365],"product_tag":[],"class_list":{"0":"post-262875","1":"product","2":"type-product","3":"status-publish","4":"has-post-thumbnail","6":"product_cat-pedalcase-fr","8":"first","9":"instock","10":"taxable","11":"shipping-taxable","12":"purchasable","13":"product-type-simple"},"acf":[],"_links":{"self":[{"href":"https:\/\/megacase.com\/fr\/wp-json\/wp\/v2\/product\/262875","targetHints":{"allow":["GET"]}}],"collection":[{"href":"https:\/\/megacase.com\/fr\/wp-json\/wp\/v2\/product"}],"about":[{"href":"https:\/\/megacase.com\/fr\/wp-json\/wp\/v2\/types\/product"}],"wp:featuredmedia":[{"embeddable":true,"href":"https:\/\/megacase.com\/fr\/wp-json\/wp\/v2\/media\/262872"}],"wp:attachment":[{"href":"https:\/\/megacase.com\/fr\/wp-json\/wp\/v2\/media?parent=262875"}],"wp:term":[{"taxonomy":"product_brand","embeddable":true,"href":"https:\/\/megacase.com\/fr\/wp-json\/wp\/v2\/product_brand?post=262875"},{"taxonomy":"product_cat","embeddable":true,"href":"https:\/\/megacase.com\/fr\/wp-json\/wp\/v2\/product_cat?post=262875"},{"taxonomy":"product_tag","embeddable":true,"href":"https:\/\/megacase.com\/fr\/wp-json\/wp\/v2\/product_tag?post=262875"}],"curies":[{"name":"wp","href":"https:\/\/api.w.org\/{rel}","templated":true}]}}