{"id":262819,"date":"2024-03-06T13:20:54","date_gmt":"2024-03-06T12:20:54","guid":{"rendered":"https:\/\/megacase.com\/product\/pedalcase-headrush-core\/"},"modified":"2026-03-26T13:36:37","modified_gmt":"2026-03-26T12:36:37","slug":"pedalcase-headrush-core","status":"publish","type":"product","link":"https:\/\/megacase.com\/fr\/produit\/pedalcase-headrush-core\/","title":{"rendered":"Pedalcase Headrush Core"},"content":{"rendered":"<p>Housse de protection pour p\u00e9dale multi-effets Headrush Core<br \/>\nMultiplex\u00e9 6,8 mm<br \/>\nCouleur r\u00e9sine ph\u00e9nolique enduite marron<br \/>\nChant en aluminium 22&#215;22 mm,<br \/>\n2 petits papillons,<br \/>\n1 poign\u00e9e de valise,<br \/>\n4 petits coins boules d&rsquo;acier,<br \/>\n4 petits coins \u00e0 billes en acier avec coin en L,<br \/>\n4 pieds en caoutchouc 38&#215;10,<br \/>\nrembourrage en mousse,<br \/>\nGoulotte de c\u00e2bles de 10 cm derri\u00e8re l&rsquo;appareil,<br \/>\nL&rsquo;appareil peut \u00eatre jou\u00e9 dans la partie inf\u00e9rieure,<br \/>\nFabriqu\u00e9 en Allemagne<\/p>\n<p>Dimensions ext\u00e9rieures : LxPxH 460x390x146mm<br \/>\nPoids : 4,1 kg<\/p>\n","protected":false},"excerpt":{"rendered":"<p>Housse de protection pour p\u00e9dale multi-effets Headrush Core Multiplex\u00e9 6,8 mm Couleur r\u00e9sine ph\u00e9nolique enduite marron Chant en aluminium 22&#215;22<\/p>\n","protected":false},"featured_media":262812,"template":"","meta":{"_acf_changed":false},"product_brand":[],"product_cat":[16365],"product_tag":[],"class_list":{"0":"post-262819","1":"product","2":"type-product","3":"status-publish","4":"has-post-thumbnail","6":"product_cat-pedalcase-fr","8":"first","9":"instock","10":"taxable","11":"shipping-taxable","12":"purchasable","13":"product-type-simple"},"acf":[],"_links":{"self":[{"href":"https:\/\/megacase.com\/fr\/wp-json\/wp\/v2\/product\/262819","targetHints":{"allow":["GET"]}}],"collection":[{"href":"https:\/\/megacase.com\/fr\/wp-json\/wp\/v2\/product"}],"about":[{"href":"https:\/\/megacase.com\/fr\/wp-json\/wp\/v2\/types\/product"}],"wp:featuredmedia":[{"embeddable":true,"href":"https:\/\/megacase.com\/fr\/wp-json\/wp\/v2\/media\/262812"}],"wp:attachment":[{"href":"https:\/\/megacase.com\/fr\/wp-json\/wp\/v2\/media?parent=262819"}],"wp:term":[{"taxonomy":"product_brand","embeddable":true,"href":"https:\/\/megacase.com\/fr\/wp-json\/wp\/v2\/product_brand?post=262819"},{"taxonomy":"product_cat","embeddable":true,"href":"https:\/\/megacase.com\/fr\/wp-json\/wp\/v2\/product_cat?post=262819"},{"taxonomy":"product_tag","embeddable":true,"href":"https:\/\/megacase.com\/fr\/wp-json\/wp\/v2\/product_tag?post=262819"}],"curies":[{"name":"wp","href":"https:\/\/api.w.org\/{rel}","templated":true}]}}