{"id":262691,"date":"2024-03-06T13:13:36","date_gmt":"2024-03-06T12:13:36","guid":{"rendered":"https:\/\/megacase.com\/product\/roadcase-yamaha-dm7-ex\/"},"modified":"2026-03-26T13:36:38","modified_gmt":"2026-03-26T12:36:38","slug":"roadcase-yamaha-dm7-ex","status":"publish","type":"product","link":"https:\/\/megacase.com\/fr\/produit\/roadcase-yamaha-dm7-ex\/","title":{"rendered":"Roadcase Yamaha DM7-EX"},"content":{"rendered":"<p>Roadase d&rsquo;angle appropri\u00e9 pour Yamaha DM7 &#8211; EX<br \/>\n9mm multiplex noir Ral 9004,<br \/>\nBord en aluminium de 30 x 30 mm<br \/>\n8 grands coins en L,<br \/>\n8 fermoirs papillon moyen,<br \/>\n10 poign\u00e9es rabattables moyennes,<br \/>\n8 coins de boule grands,<br \/>\n2 bandes coulissantes,<br \/>\n4 roulettes pivotantes dont 2 avec freins,<br \/>\nrembourrage en mousse,<br \/>\nDockhouse de 15 cm de profondeur derri\u00e8re le bureau,<br \/>\nL&rsquo;appareil peut \u00eatre utilis\u00e9 dans la partie inf\u00e9rieure,<br \/>\n1 autocollant Shockwatch,<br \/>\nFabriqu\u00e9 en Allemagne<br \/>\nDimensions ext\u00e9rieures environ 1064x431x944mm LxPxH<br \/>\nPoids environ 48,5 kg<\/p>\n","protected":false},"excerpt":{"rendered":"<p>Roadase d&rsquo;angle appropri\u00e9 pour Yamaha DM7 &#8211; EX 9mm multiplex noir Ral 9004, Bord en aluminium de 30 x 30<\/p>\n","protected":false},"featured_media":262660,"template":"","meta":{"_acf_changed":false},"product_brand":[],"product_cat":[13828],"product_tag":[],"class_list":{"0":"post-262691","1":"product","2":"type-product","3":"status-publish","4":"has-post-thumbnail","6":"product_cat-mischpult-cases-fr","8":"first","9":"instock","10":"taxable","11":"shipping-taxable","12":"purchasable","13":"product-type-simple"},"acf":[],"_links":{"self":[{"href":"https:\/\/megacase.com\/fr\/wp-json\/wp\/v2\/product\/262691","targetHints":{"allow":["GET"]}}],"collection":[{"href":"https:\/\/megacase.com\/fr\/wp-json\/wp\/v2\/product"}],"about":[{"href":"https:\/\/megacase.com\/fr\/wp-json\/wp\/v2\/types\/product"}],"wp:featuredmedia":[{"embeddable":true,"href":"https:\/\/megacase.com\/fr\/wp-json\/wp\/v2\/media\/262660"}],"wp:attachment":[{"href":"https:\/\/megacase.com\/fr\/wp-json\/wp\/v2\/media?parent=262691"}],"wp:term":[{"taxonomy":"product_brand","embeddable":true,"href":"https:\/\/megacase.com\/fr\/wp-json\/wp\/v2\/product_brand?post=262691"},{"taxonomy":"product_cat","embeddable":true,"href":"https:\/\/megacase.com\/fr\/wp-json\/wp\/v2\/product_cat?post=262691"},{"taxonomy":"product_tag","embeddable":true,"href":"https:\/\/megacase.com\/fr\/wp-json\/wp\/v2\/product_tag?post=262691"}],"curies":[{"name":"wp","href":"https:\/\/api.w.org\/{rel}","templated":true}]}}