{"id":262531,"date":"2024-03-06T13:03:21","date_gmt":"2024-03-06T12:03:21","guid":{"rendered":"https:\/\/megacase.com\/product\/case-blackmagic-atem-television-stduio-hd8-iso\/"},"modified":"2026-03-26T13:36:39","modified_gmt":"2026-03-26T12:36:39","slug":"case-blackmagic-atem-television-stduio-hd8-iso","status":"publish","type":"product","link":"https:\/\/megacase.com\/fr\/produit\/case-blackmagic-atem-television-stduio-hd8-iso\/","title":{"rendered":"Case Blackmagic Atem Television Stduio HD8 \/ Iso"},"content":{"rendered":"<p>Housse de protection assortie pour Blackmagic Atem Television Stduio HD8 \/ Iso<br \/>\n6,8 mm multiplex noir RAL 9004,<br \/>\nBordure en aluminium 30\/30,<br \/>\n4 L-coin moyen,<br \/>\n4 papillons moyens,<br \/>\n1 manche rabattable moyen,<br \/>\n4 coins boules m\u00e9dium,<br \/>\n4 coins boules, coin L moyen,<br \/>\n4 pieds en caoutchouc 38&#215;20 mm,<br \/>\nC\u00e2ble de 10 cm derri\u00e8re l&rsquo;appareil,<br \/>\nL&rsquo;appareil peut \u00eatre utilis\u00e9 dans la partie inf\u00e9rieure,<br \/>\nmousse,<br \/>\nDimensions ext\u00e9rieures LxPxH 655x480x245 mm<br \/>\nPoids : 8,9kg<br \/>\nFabriqu\u00e9 en Allemagne<\/p>\n","protected":false},"excerpt":{"rendered":"<p>Housse de protection assortie pour Blackmagic Atem Television Stduio HD8 \/ Iso 6,8 mm multiplex noir RAL 9004, Bordure en<\/p>\n","protected":false},"featured_media":262520,"template":"","meta":{"_acf_changed":false},"product_brand":[],"product_cat":[16376],"product_tag":[],"class_list":{"0":"post-262531","1":"product","2":"type-product","3":"status-publish","4":"has-post-thumbnail","6":"product_cat-cases-fuer-video-equipment-fr","8":"first","9":"instock","10":"taxable","11":"shipping-taxable","12":"purchasable","13":"product-type-simple"},"acf":[],"_links":{"self":[{"href":"https:\/\/megacase.com\/fr\/wp-json\/wp\/v2\/product\/262531","targetHints":{"allow":["GET"]}}],"collection":[{"href":"https:\/\/megacase.com\/fr\/wp-json\/wp\/v2\/product"}],"about":[{"href":"https:\/\/megacase.com\/fr\/wp-json\/wp\/v2\/types\/product"}],"wp:featuredmedia":[{"embeddable":true,"href":"https:\/\/megacase.com\/fr\/wp-json\/wp\/v2\/media\/262520"}],"wp:attachment":[{"href":"https:\/\/megacase.com\/fr\/wp-json\/wp\/v2\/media?parent=262531"}],"wp:term":[{"taxonomy":"product_brand","embeddable":true,"href":"https:\/\/megacase.com\/fr\/wp-json\/wp\/v2\/product_brand?post=262531"},{"taxonomy":"product_cat","embeddable":true,"href":"https:\/\/megacase.com\/fr\/wp-json\/wp\/v2\/product_cat?post=262531"},{"taxonomy":"product_tag","embeddable":true,"href":"https:\/\/megacase.com\/fr\/wp-json\/wp\/v2\/product_tag?post=262531"}],"curies":[{"name":"wp","href":"https:\/\/api.w.org\/{rel}","templated":true}]}}