{"id":262443,"date":"2024-03-06T12:56:21","date_gmt":"2024-03-06T11:56:21","guid":{"rendered":"https:\/\/megacase.com\/product\/pedalcase-headrush-primeep1\/"},"modified":"2026-03-26T13:36:39","modified_gmt":"2026-03-26T12:36:39","slug":"pedalcase-headrush-primeep1","status":"publish","type":"product","link":"https:\/\/megacase.com\/fr\/produit\/pedalcase-headrush-primeep1\/","title":{"rendered":"Pedalcase Headrush Prime+EP1"},"content":{"rendered":"<p>Housse de protection adapt\u00e9e \u00e0 Headrush Prime + EP1<br \/>\nRev\u00eatement en r\u00e9sine ph\u00e9nolique multiplex de 6,8 mm<br \/>\nCouleur marron,<br \/>\nBordure en aluminium 22\/22,<br \/>\n4 coins en L moyen,<br \/>\n1 poign\u00e9e en simili cuir,<br \/>\n4 mini fermoirs papillon,<br \/>\n4 petits coins boules,<br \/>\n4 petits coins boule avec coin en L,<br \/>\n4 pieds en caoutchouc 38&#215;10 mm,<br \/>\navec goulotte de c\u00e2ble de 10 cm derri\u00e8re l&rsquo;appareil,<br \/>\nLes appareils peuvent fonctionner en partie basse,<br \/>\nrembourrage en mousse,<br \/>\nFabriqu\u00e9 en Allemagne<br \/>\nDimensions ext\u00e9rieures LxPxH 852x485x145 mm<br \/>\nPoids : 6,9 kg<\/p>\n","protected":false},"excerpt":{"rendered":"<p>Housse de protection adapt\u00e9e \u00e0 Headrush Prime + EP1 Rev\u00eatement en r\u00e9sine ph\u00e9nolique multiplex de 6,8 mm Couleur marron, Bordure<\/p>\n","protected":false},"featured_media":262376,"template":"","meta":{"_acf_changed":false},"product_brand":[],"product_cat":[16365],"product_tag":[],"class_list":{"0":"post-262443","1":"product","2":"type-product","3":"status-publish","4":"has-post-thumbnail","6":"product_cat-pedalcase-fr","8":"first","9":"instock","10":"taxable","11":"shipping-taxable","12":"purchasable","13":"product-type-simple"},"acf":[],"_links":{"self":[{"href":"https:\/\/megacase.com\/fr\/wp-json\/wp\/v2\/product\/262443","targetHints":{"allow":["GET"]}}],"collection":[{"href":"https:\/\/megacase.com\/fr\/wp-json\/wp\/v2\/product"}],"about":[{"href":"https:\/\/megacase.com\/fr\/wp-json\/wp\/v2\/types\/product"}],"wp:featuredmedia":[{"embeddable":true,"href":"https:\/\/megacase.com\/fr\/wp-json\/wp\/v2\/media\/262376"}],"wp:attachment":[{"href":"https:\/\/megacase.com\/fr\/wp-json\/wp\/v2\/media?parent=262443"}],"wp:term":[{"taxonomy":"product_brand","embeddable":true,"href":"https:\/\/megacase.com\/fr\/wp-json\/wp\/v2\/product_brand?post=262443"},{"taxonomy":"product_cat","embeddable":true,"href":"https:\/\/megacase.com\/fr\/wp-json\/wp\/v2\/product_cat?post=262443"},{"taxonomy":"product_tag","embeddable":true,"href":"https:\/\/megacase.com\/fr\/wp-json\/wp\/v2\/product_tag?post=262443"}],"curies":[{"name":"wp","href":"https:\/\/api.w.org\/{rel}","templated":true}]}}