{"id":262367,"date":"2024-03-06T12:51:47","date_gmt":"2024-03-06T11:51:47","guid":{"rendered":"https:\/\/megacase.com\/product\/pedalcase-headrush-prime\/"},"modified":"2026-03-26T13:36:40","modified_gmt":"2026-03-26T12:36:40","slug":"pedalcase-headrush-prime","status":"publish","type":"product","link":"https:\/\/megacase.com\/fr\/produit\/pedalcase-headrush-prime\/","title":{"rendered":"Pedalcase Headrush Prime"},"content":{"rendered":"<p>Housse de capot assortie pour Headrush Prime<br \/>\nRev\u00eatement en r\u00e9sine ph\u00e9nolique multiplex de 6,8 mm<br \/>\nCouleur marron,<br \/>\nBordure en aluminium 22\/22,<br \/>\n4 coins en L moyen,<br \/>\n1 poign\u00e9e en simili cuir,<br \/>\n4 fermoirs papillon mini fermoir,<br \/>\n4 petits coins boules,<br \/>\n4 petits coins boule avec coin en L,<br \/>\n4 pieds en caoutchouc 38&#215;10 mm,<br \/>\nGoulotte de c\u00e2bles de 10 cm derri\u00e8re l&rsquo;appareil,<br \/>\nL&rsquo;appareil peut \u00eatre utilis\u00e9 dans la partie inf\u00e9rieure,<br \/>\nrembourrage en mousse,<br \/>\nFabriqu\u00e9 en Allemagne<br \/>\nDimensions ext\u00e9rieures LxPxH 710x485x145 mm<br \/>\nPoids : 6,1 kg<\/p>\n","protected":false},"excerpt":{"rendered":"<p>Housse de capot assortie pour Headrush Prime Rev\u00eatement en r\u00e9sine ph\u00e9nolique multiplex de 6,8 mm Couleur marron, Bordure en aluminium<\/p>\n","protected":false},"featured_media":262348,"template":"","meta":{"_acf_changed":false},"product_brand":[],"product_cat":[16365],"product_tag":[],"class_list":{"0":"post-262367","1":"product","2":"type-product","3":"status-publish","4":"has-post-thumbnail","6":"product_cat-pedalcase-fr","8":"first","9":"instock","10":"taxable","11":"shipping-taxable","12":"purchasable","13":"product-type-simple"},"acf":[],"_links":{"self":[{"href":"https:\/\/megacase.com\/fr\/wp-json\/wp\/v2\/product\/262367","targetHints":{"allow":["GET"]}}],"collection":[{"href":"https:\/\/megacase.com\/fr\/wp-json\/wp\/v2\/product"}],"about":[{"href":"https:\/\/megacase.com\/fr\/wp-json\/wp\/v2\/types\/product"}],"wp:featuredmedia":[{"embeddable":true,"href":"https:\/\/megacase.com\/fr\/wp-json\/wp\/v2\/media\/262348"}],"wp:attachment":[{"href":"https:\/\/megacase.com\/fr\/wp-json\/wp\/v2\/media?parent=262367"}],"wp:term":[{"taxonomy":"product_brand","embeddable":true,"href":"https:\/\/megacase.com\/fr\/wp-json\/wp\/v2\/product_brand?post=262367"},{"taxonomy":"product_cat","embeddable":true,"href":"https:\/\/megacase.com\/fr\/wp-json\/wp\/v2\/product_cat?post=262367"},{"taxonomy":"product_tag","embeddable":true,"href":"https:\/\/megacase.com\/fr\/wp-json\/wp\/v2\/product_tag?post=262367"}],"curies":[{"name":"wp","href":"https:\/\/api.w.org\/{rel}","templated":true}]}}